{"id":1038,"date":"2019-02-05T19:10:30","date_gmt":"2019-02-05T19:10:30","guid":{"rendered":"http:\/\/globalplus.ec\/research\/?page_id=1038"},"modified":"2020-10-12T19:17:38","modified_gmt":"2020-10-12T19:17:38","slug":"capitulos-libros","status":"publish","type":"page","link":"https:\/\/globalplus.ec\/research\/capitulos-libros\/","title":{"rendered":"Cap\u00edtulos Libros"},"content":{"rendered":"\t\t<div data-elementor-type=\"wp-post\" data-elementor-id=\"1038\" class=\"elementor elementor-1038\">\n\t\t\t\t\t\t<div class=\"elementor-inner\">\n\t\t\t\t<div class=\"elementor-section-wrap\">\n\t\t\t\t\t\t\t\t\t<section class=\"elementor-section elementor-top-section elementor-element elementor-element-bbf1d64 elementor-section-boxed elementor-section-height-default elementor-section-height-default\" data-id=\"bbf1d64\" data-element_type=\"section\">\n\t\t\t\t\t\t<div class=\"elementor-container elementor-column-gap-default\">\n\t\t\t\t\t\t\t<div class=\"elementor-row\">\n\t\t\t\t\t<div class=\"elementor-column elementor-col-100 elementor-top-column elementor-element elementor-element-01dd2cb\" data-id=\"01dd2cb\" data-element_type=\"column\">\n\t\t\t<div class=\"elementor-column-wrap elementor-element-populated\">\n\t\t\t\t\t\t\t<div class=\"elementor-widget-wrap\">\n\t\t\t\t\t\t<div class=\"elementor-element elementor-element-e37aeab elementor-tabs-view-horizontal elementor-widget elementor-widget-tabs\" data-id=\"e37aeab\" data-element_type=\"widget\" data-widget_type=\"tabs.default\">\n\t\t\t\t<div class=\"elementor-widget-container\">\n\t\t\t\t\t<div class=\"elementor-tabs\">\n\t\t\t<div class=\"elementor-tabs-wrapper\" role=\"tablist\" >\n\t\t\t\t\t\t\t\t\t<div id=\"elementor-tab-title-2381\" class=\"elementor-tab-title elementor-tab-desktop-title\" aria-selected=\"true\" data-tab=\"1\" role=\"tab\" tabindex=\"0\" aria-controls=\"elementor-tab-content-2381\" aria-expanded=\"false\"><a href=\"\">2020<\/a><\/div>\n\t\t\t\t\t\t\t\t\t<div id=\"elementor-tab-title-2382\" class=\"elementor-tab-title elementor-tab-desktop-title\" aria-selected=\"false\" data-tab=\"2\" role=\"tab\" tabindex=\"-1\" aria-controls=\"elementor-tab-content-2382\" aria-expanded=\"false\"><a href=\"\">2019<\/a><\/div>\n\t\t\t\t\t\t\t\t\t<div id=\"elementor-tab-title-2383\" class=\"elementor-tab-title elementor-tab-desktop-title\" aria-selected=\"false\" data-tab=\"3\" role=\"tab\" tabindex=\"-1\" aria-controls=\"elementor-tab-content-2383\" aria-expanded=\"false\"><a href=\"\">2018<\/a><\/div>\n\t\t\t\t\t\t\t\t\t<div id=\"elementor-tab-title-2384\" class=\"elementor-tab-title elementor-tab-desktop-title\" aria-selected=\"false\" data-tab=\"4\" role=\"tab\" tabindex=\"-1\" aria-controls=\"elementor-tab-content-2384\" aria-expanded=\"false\"><a href=\"\">2017<\/a><\/div>\n\t\t\t\t\t\t\t\t\t<div id=\"elementor-tab-title-2385\" class=\"elementor-tab-title elementor-tab-desktop-title\" aria-selected=\"false\" data-tab=\"5\" role=\"tab\" tabindex=\"-1\" aria-controls=\"elementor-tab-content-2385\" aria-expanded=\"false\"><a href=\"\">2016<\/a><\/div>\n\t\t\t\t\t\t\t\t\t<div id=\"elementor-tab-title-2386\" class=\"elementor-tab-title elementor-tab-desktop-title\" aria-selected=\"false\" data-tab=\"6\" role=\"tab\" tabindex=\"-1\" aria-controls=\"elementor-tab-content-2386\" aria-expanded=\"false\"><a href=\"\">2015<\/a><\/div>\n\t\t\t\t\t\t\t<\/div>\n\t\t\t<div class=\"elementor-tabs-content-wrapper\" role=\"tablist\" aria-orientation=\"vertical\">\n\t\t\t\t\t\t\t\t\t<div class=\"elementor-tab-title elementor-tab-mobile-title\" aria-selected=\"true\" data-tab=\"1\" role=\"tab\" tabindex=\"0\" aria-controls=\"elementor-tab-content-2381\" aria-expanded=\"false\">2020<\/div>\n\t\t\t\t\t<div id=\"elementor-tab-content-2381\" class=\"elementor-tab-content elementor-clearfix\" data-tab=\"1\" role=\"tabpanel\" aria-labelledby=\"elementor-tab-title-2381\" tabindex=\"0\" hidden=\"false\"><ul style=\"list-style-type: circle;\"><li>\u00a0Marcia Ullauri Carri\u00f3n, Carmita Carmona Banderas, Oscar Riofr\u00edo Orozco (2020). Libro <strong><span style=\"color: #0176bc;\"><em>El rol de la planificaci\u00f3n en la gesti\u00f3n universitaria. Experiencias y Resultados<\/em><\/span><\/strong>, cap\u00edtulo : Un nuevo sistema de planificaci\u00f3n estrat\u00e9gica en la gesti\u00f3n universitaria, publicado por la Universidad Polit\u00e9cnica Estatal de Carchi, con ISBN 978-9942-914-70-5. 345 p\u00e1ginas .<\/li><\/ul><ul style=\"list-style-type: circle;\"><li>C\u00e9sar Quezada Abad, Luis Brito Gaona, Iv\u00e1n Gordillo Quizhpe (2020). Libro<em> <span style=\"color: #0176bc;\"><strong>La gesti\u00f3n de impacto en las instituciones de educaci\u00f3n superior<\/strong><\/span><\/em>, cap\u00edtulo : El impacto de la direcci\u00f3n estrat\u00e9gica en la reinvenci\u00f3n institucional de la universidad \u00bfes posible juntarse?, publicado por la Red de Direcci\u00f3n Estrat\u00e9gica en la Educaci\u00f3n Superior &#8211; RED DEES &#8211; colectivo de autores, con ISBN 978-1700-545-954. 265 p\u00e1ginas.<\/li><\/ul><ul style=\"list-style-type: circle;\"><li>Flor Yelena Vega Jaramillo. (2020). Libro: <em><strong><a href=\"http:\/\/repositorio.utmachala.edu.ec\/bitstream\/48000\/15481\/3\/Sist-2daEdicion.pdf\" target=\"_blank\" rel=\"noopener\">Sistematizaci\u00f3n de experiencias. 2da Edici\u00f3n<\/a><\/strong><\/em>, cap\u00edtulo : Estrategias para la ense\u00f1anza te\u00f3rica de la historia del pensamiento econ\u00f3mico. Editorial Utmach. P. 153-168<\/li><\/ul><ul style=\"list-style-type: circle;\"><li>Segundo Camino Mogro, Grace Armijos Bravo, Luis Felipe BritoGaona (2020). Productividad empresarial en el sector manufacturero y crecimiento econ\u00f3mico en ecuador para el periodo 2007-2017, cap\u00edtulo del libro <strong><em><a href=\"http:\/\/repositorio.utmachala.edu.ec\/bitstream\/48000\/15534\/1\/GestionEstrategicaCrecimientoEconomicoProductividad.pdf\" target=\"_blank\" rel=\"noopener\">Gesti\u00f3n estrat\u00e9gica, crecimiento econ\u00f3mico y productividad<\/a><\/em><\/strong>, en la Editorial Utmach de la Universidad T\u00e9cnica de Machala \u2013 Ecuador, en el 2020, Colecci\u00f3n Monogr\u00e1ficos, con ISBN 978-9942-24-138-2. 226 p\u00e1ginas.<\/li><\/ul><ul style=\"list-style-type: circle;\"><li>Nervo Jonpiere Apolo Vivanco, Dayanara Mari\u0301a Garci\u0301a Valarezo, Luis Felipe BritoGaona (2020). Ana\u0301lisis sectorial de la productividad y de la estructura productiva peri\u0301odo 2007-2017: caso provincia de El Oro Ecuador, cap\u00edtulo del libro <strong><em><a href=\"http:\/\/repositorio.utmachala.edu.ec\/bitstream\/48000\/15534\/1\/GestionEstrategicaCrecimientoEconomicoProductividad.pdf\" target=\"_blank\" rel=\"noopener\">Gesti\u00f3n estrat\u00e9gica, crecimiento econ\u00f3mico y productividad<\/a><\/em><\/strong>, en la Editorial Utmach de la Universidad T\u00e9cnica de Machala \u2013 Ecuador, en el 2020, Colecci\u00f3n Monogr\u00e1ficos, con ISBN 978-9942-24-138-2. 226 p\u00e1ginas.<\/li><\/ul><ul style=\"list-style-type: circle;\"><li>Flor Yelena Vega Jaramillo, Jorge Guido Sotomayor Pereira, Lenny Beatriz Capa Beni\u0301tez (2020). Crecimiento econo\u0301mico: opciones de poli\u0301tica econo\u0301mica, cap\u00edtulo del libro <strong><em><a href=\"http:\/\/repositorio.utmachala.edu.ec\/bitstream\/48000\/15534\/1\/GestionEstrategicaCrecimientoEconomicoProductividad.pdf\" target=\"_blank\" rel=\"noopener\">Gesti\u00f3n estrat\u00e9gica, crecimiento econ\u00f3mico y productividad<\/a><\/em><\/strong>, en la Editorial Utmach de la Universidad T\u00e9cnica de Machala \u2013 Ecuador, en el 2020, Colecci\u00f3n Monogr\u00e1ficos, con ISBN 978-9942-24-138-2. 226 p\u00e1ginas.<\/li><\/ul><\/div>\n\t\t\t\t\t\t\t\t\t<div class=\"elementor-tab-title elementor-tab-mobile-title\" aria-selected=\"false\" data-tab=\"2\" role=\"tab\" tabindex=\"-1\" aria-controls=\"elementor-tab-content-2382\" aria-expanded=\"false\">2019<\/div>\n\t\t\t\t\t<div id=\"elementor-tab-content-2382\" class=\"elementor-tab-content elementor-clearfix\" data-tab=\"2\" role=\"tabpanel\" aria-labelledby=\"elementor-tab-title-2382\" tabindex=\"0\" hidden=\"hidden\"><ul style=\"list-style-type: circle;\"><li>Oscar Riofrio Orozco (2019). <strong><em>Las TIC, una estrategia para la mejora de la justicia organizacional en la universidad. Mas All\u00e1 de la innovaci\u00f3n: El Ecosistema de la Comunicaci\u00f3n desde la Iniciativa Privada y el Servicio Audiovisual P\u00fablico<\/em><\/strong>, Editorial Media XXI. ISBN: 978-989-729-204-0<\/li><\/ul><\/div>\n\t\t\t\t\t\t\t\t\t<div class=\"elementor-tab-title elementor-tab-mobile-title\" aria-selected=\"false\" data-tab=\"3\" role=\"tab\" tabindex=\"-1\" aria-controls=\"elementor-tab-content-2383\" aria-expanded=\"false\">2018<\/div>\n\t\t\t\t\t<div id=\"elementor-tab-content-2383\" class=\"elementor-tab-content elementor-clearfix\" data-tab=\"3\" role=\"tabpanel\" aria-labelledby=\"elementor-tab-title-2383\" tabindex=\"0\" hidden=\"hidden\"><ul style=\"list-style-type: circle;\"><li>Jorge Guido Sotomayor Pereira (2018), <strong><em>La vinculaci\u00f3n con la sociedad, un desaf\u00edo de transformaci\u00f3n de la educaci\u00f3n superior en la sociedad de la informaci\u00f3n y del conocimiento<\/em><\/strong><span data-sheets-value=\"{\" data-sheets-userformat=\"{\">, La Universidad y la vinculaci\u00f3n con la sociedad. Una condici\u00f3n impostergable ISBN 978-9942-24-086-6.<\/span><\/li><\/ul><ul style=\"list-style-type: circle;\"><li><span data-sheets-value=\"{\" data-sheets-userformat=\"{\">Jorge Guido Sotomayor Pereira (2018), <strong><em>Estructura social y econ\u00f3mica de la provincia de El Oro<\/em><\/strong>,\u00a0La provincia de El Oro, algunas consideraciones de los sectores productivos y empresariales<br \/>ISBN 978-9942-24-086-6.<\/span><\/li><\/ul><ul style=\"list-style-type: circle;\"><li><span data-sheets-value=\"{\" data-sheets-userformat=\"{\">Jorge Guido Sotomayor Pereira (2018), <strong><em>Gesti\u00f3n comercial y de mercadeo de las empresas de la provincia de El Oro<\/em><\/strong>, La provincia de El Oro, algunas consideraciones de los sectores productivos y empresariales ISBN 978-9942-24-086-6.<\/span><\/li><\/ul><ul style=\"list-style-type: circle;\"><li>Oscar Geovanny Riofr\u00edo Orozco (2018), <strong><em><a href=\"http:\/\/repositorio.utmachala.edu.ec\/handle\/48000\/12492\" target=\"_blank\" rel=\"noopener\">La vinculaci\u00f3n con la sociedad, un desaf\u00edo de transformaci\u00f3n de la Educaci\u00f3n Superior en la sociedad de la informaci\u00f3n y del conocimiento<\/a><\/em><\/strong>, La Universidad y la vinculaci\u00f3n con la sociedad. Una condici\u00f3n impostergable, Editorial UTMACH Redes 2017 (Colecci\u00f3n Editorial) ISBN: 978-9942-24-086-6.<\/li><\/ul><ul style=\"list-style-type: circle;\"><li>Luis Felipe Brito Gaona (2018), <a href=\"http:\/\/repositorio.utmachala.edu.ec\/handle\/48000\/12492\" target=\"_blank\" rel=\"noopener\"><em><strong>La globalizaci\u00f3n y su efecto en las universidades estatales del Ecuador<\/strong><\/em><\/a><span data-sheets-value=\"{\" data-sheets-userformat=\"{\"><span style=\"color: #0176bc;\">,<\/span>\u00a0cap\u00edtulo de libro LA UNIVERSIDAD Y LA VINCULACI\u00d3N CON LA SOCIEDAD. UNA CONDICI\u00d3N IMPOSTERGABLE, Editorial Utmach de la Universidad T\u00e9cnica de Machala \u2013 Ecuador, con ISBN 978-9942-24-086-6. 128 p\u00e1ginas.<\/span><\/li><\/ul><ul style=\"list-style-type: circle;\"><li><span data-sheets-value=\"{\" data-sheets-userformat=\"{\"><span data-sheets-value=\"{\" data-sheets-userformat=\"{\">Luis Felipe Brito Gaona (2018), <\/span><\/span><span data-sheets-value=\"{\" data-sheets-userformat=\"{\"><strong><em><a href=\"http:\/\/repositorio.utmachala.edu.ec\/handle\/48000\/12492\" target=\"_blank\" rel=\"noopener\">La vinculaci\u00f3n con la sociedad y la universidad p\u00fablica en el Ecuador<\/a><\/em><\/strong>, cap\u00edtulo de libro LA UNIVERSIDAD Y LA VINCULACI\u00d3N CON LA SOCIEDAD. UNA CONDICI\u00d3N IMPOSTERGABLE, Editorial Utmach de la Universidad T\u00e9cnica de Machala \u2013 Ecuador, con ISBN 978-9942-24-086-6. 128 p\u00e1ginas.<\/span><\/li><\/ul><ul style=\"list-style-type: circle;\"><li><span data-sheets-value=\"{\" data-sheets-userformat=\"{\"><span data-sheets-value=\"{\" data-sheets-userformat=\"{\">Luis Felipe Brito Gaona (2018), <em><strong><a href=\"http:\/\/repositorio.utmachala.edu.ec\/handle\/48000\/12492\" target=\"_blank\" rel=\"noopener\">La planificaci\u00f3n de la vinculaci\u00f3n con la sociedad, una condici\u00f3n impostergable de legitimaci\u00f3n. Caso: Universidad T\u00e9cnica de Machala, Ecuador<\/a><\/strong><\/em><\/span><\/span><span data-sheets-value=\"{\" data-sheets-userformat=\"{\">, cap\u00edtulo de libro LA UNIVERSIDAD Y LA VINCULACI\u00d3N CON LA SOCIEDAD. UNA CONDICI\u00d3N IMPOSTERGABLE, Editorial Utmach de la Universidad T\u00e9cnica de Machala \u2013 Ecuador, con ISBN 978-9942-24-086-6. 128 p\u00e1ginas.<\/span><\/li><\/ul><ul style=\"list-style-type: circle;\"><li><div class=\"tmm_names\"><span class=\"tmm_fname\">Nervo Jonpiere<\/span>\u00a0<span class=\"tmm_lname\">Apolo Vivanco (2018), <strong><em><a href=\"http:\/\/repositorio.utmachala.edu.ec\/bitstream\/48000\/12498\/1\/Procesos-y-FundamentosDeLainvestiagcionCientifica.pdf\" target=\"_blank\" rel=\"noopener\">La Provincia de El Oro algunas consideraciones de los sectores productivos y empresariales: Estructura social y econ\u00f3mica de la provincia de El Oro<\/a><\/em><\/strong>,<em>\u00a0<\/em>ISBN 978-9942-24-088-0.<\/span><\/div><\/li><\/ul><ul style=\"list-style-type: circle;\"><li><span class=\"tmm_fname\">Nervo Jonpiere<\/span>\u00a0<span class=\"tmm_lname\">Apolo Vivanco (2018), <strong><em><a href=\"http:\/\/repositorio.utmachala.edu.ec\/bitstream\/48000\/12498\/1\/Procesos-y-FundamentosDeLainvestiagcionCientifica.pdf\" target=\"_blank\" rel=\"noopener\">La Provincia de El Oro algunas consideraciones de los sectores productivos y empresariales: Estructura social y econ\u00f3mica de la provincia de El Oro<\/a><\/em><\/strong>, ISBN 978-9942-24-088-1.<\/span><\/li><\/ul><ul style=\"list-style-type: circle;\"><li><span class=\"tmm_fname\">Nervo Jonpiere<\/span>\u00a0<span class=\"tmm_lname\">Apolo Vivanco (2018), <strong><em><a href=\"http:\/\/repositorio.utmachala.edu.ec\/bitstream\/48000\/12490\/1\/LaProvinciaDeEloroAlgunasConsideracionesDelSectorProductivoYEmpresarial.pdf\" target=\"_blank\" rel=\"noopener\">Procesos y Fundamentos de la Investigaci\u00f3n Cient\u00edfica: Investigaci\u00f3n cient\u00edfica<\/a><\/em><\/strong>, ISBN: 978-9942-24-093-4. Editorial UTMACH.<\/span><\/li><\/ul><ul style=\"list-style-type: circle;\"><li><span class=\"tmm_fname\">Nervo Jonpiere<\/span>\u00a0<span class=\"tmm_lname\">Apolo Vivanco (2018)<\/span>, <strong><em><a href=\"http:\/\/repositorio.utmachala.edu.ec\/bitstream\/48000\/12490\/1\/LaProvinciaDeEloroAlgunasConsideracionesDelSectorProductivoYEmpresarial.pdf\" target=\"_blank\" rel=\"noopener\">Procesos y Fundamentos de la Investigaci\u00f3n Cient\u00edfica: Momento del proceso de investigaci\u00f3n: Planificaci\u00f3n, protocolo o proyectos<\/a><\/em><\/strong>, ISBN: 978-9942-24-093-5, Editorial UTMACH.<\/li><\/ul><ul style=\"list-style-type: circle;\"><li><span class=\"tmm_fname\">Flor Yelena<\/span>\u00a0<span class=\"tmm_lname\">Vega Jaramillo (2018),\u00a0<strong><em>Estructura financiera del sector empresarial de la provincia<\/em> de El Oro<\/strong>, Libro: La Provincia de El Oro algunas consideraciones de los sectores productivos y empresariales. Editorial Utmach, Colecci\u00f3n Redes 2017. ISBN: 978-9942-24-088-0.<\/span><\/li><\/ul><ul style=\"list-style-type: circle;\"><li><span class=\"tmm_fname\">Flor Yelena<\/span>\u00a0<span class=\"tmm_lname\">Vega Jaramillo (2018),\u00a0<strong><em>An\u00e1lisis prospectivo del sector empresarial de la provincia<\/em> de El Oro<\/strong>, La Provincia de El Oro algunas consideraciones de los sectores productivos y empresariales. Editorial Utmach, Colecci\u00f3n Redes 2017. ISBN: 978-9942-24-088-0.<\/span><\/li><\/ul><ul style=\"list-style-type: circle;\"><li>C\u00e9sar Javier Quezada Abad (2018), <strong><em><a href=\"http:\/\/repositorio.utmachala.edu.ec\/handle\/48000\/12492\" target=\"_blank\" rel=\"noopener\">La planificaci\u00f3n de la vinculaci\u00f3n con la sociedad, una condici\u00f3n impostergable de legitimaci\u00f3n. caso: Universidad T\u00e9cnica de Machala, Ecuador<\/a><\/em><\/strong>, cap\u00edtulo de libro La universidad y la vinculaci\u00f3n con la sociedad, una condici\u00f3n impostergable, publicado en la Editorial Utmach de la Universidad T\u00e9cnica de Machala \u2013 Ecuador, con ISBN 978-9942-24-086-6. 128 p\u00e1ginas.<\/li><\/ul><ul style=\"list-style-type: circle;\"><li>C\u00e9sar Javier Quezada Abad (2018), <strong><em><a href=\"http:\/\/repositorio.utmachala.edu.ec\/handle\/48000\/12492\" target=\"_blank\" rel=\"noopener\">La vinculaci\u00f3n con la sociedad y la universidad p\u00fablica en el Ecuador<\/a><\/em><\/strong>, cap\u00edtulo de libro La universidad y la vinculaci\u00f3n con la sociedad. una condici\u00f3n impostergable, publicado en la editorial utmach de la Universidad T\u00e9cnica de Machala \u2013 Ecuador, con isbn 978-9942-24-086-6. 128 p\u00e1ginas.<\/li><\/ul><ul style=\"list-style-type: circle;\"><li>C\u00e9sar Javier Quezada Abad (2018), <strong><em><a href=\"http:\/\/repositorio.utmachala.edu.ec\/handle\/48000\/12492\" target=\"_blank\" rel=\"noopener\">La globalizaci\u00f3n y su efecto en las universidades estatales del Ecuador<\/a><\/em><\/strong>, cap\u00edtulo de libro La universidad y la vinculaci\u00f3n con la sociedad. una condici\u00f3n impostergable, publicado en la editorial Utmach de la Universidad T\u00e9cnica de Machala \u2013 Ecuador, con ISBN 978-9942-24-086-6. 128 p\u00e1ginas.<\/li><\/ul><ul style=\"list-style-type: circle;\"><li>C\u00e9sar Javier Quezada Abad (2018), <strong><em>Las posibilidades de las TIC en la mejora de la justicia organizacional en la Universidad<\/em><\/strong>, En el libro sobre Innovaci\u00f3n y Comunicaci\u00f3n publicado por la editorial Media XXI en colaboraci\u00f3n con la Red Internacional de Investigaci\u00f3n de la Gesti\u00f3n de la Comunicaci\u00f3n (XESCOM).<\/li><\/ul><\/div>\n\t\t\t\t\t\t\t\t\t<div class=\"elementor-tab-title elementor-tab-mobile-title\" aria-selected=\"false\" data-tab=\"4\" role=\"tab\" tabindex=\"-1\" aria-controls=\"elementor-tab-content-2384\" aria-expanded=\"false\">2017<\/div>\n\t\t\t\t\t<div id=\"elementor-tab-content-2384\" class=\"elementor-tab-content elementor-clearfix\" data-tab=\"4\" role=\"tabpanel\" aria-labelledby=\"elementor-tab-title-2384\" tabindex=\"0\" hidden=\"hidden\"><ul style=\"list-style-type: circle;\"><li><span data-sheets-value=\"{\" data-sheets-userformat=\"{\">Jorge Guido Sotomayor Pereira(2017), <a href=\"http:\/\/doi.org\/10.5772\/intechopen.70204\" target=\"_blank\" rel=\"noopener\"><span style=\"color: #0176bc;\"><strong><em>The spatial structure of Ecuador: analysis using market potentials<\/em><\/strong><\/span><\/a>, Managment of cities and regions.<\/span><\/li><\/ul><ul style=\"list-style-type: circle;\"><li>C\u00e9sar Javier Quezada Abad (2017), <strong><em>Estudio de poblaci\u00f3n y su inclusividad para el desarrollo local<\/em><\/strong>, Cap\u00edtulo \u00abInclusi\u00f3n de los j\u00f3venes de la Parroquia Luz de Am\u00e9rica &#8211; Santo Domingo, Ecuador ISBN 978-9978-316-41-2.<\/li><\/ul><\/div>\n\t\t\t\t\t\t\t\t\t<div class=\"elementor-tab-title elementor-tab-mobile-title\" aria-selected=\"false\" data-tab=\"5\" role=\"tab\" tabindex=\"-1\" aria-controls=\"elementor-tab-content-2385\" aria-expanded=\"false\">2016<\/div>\n\t\t\t\t\t<div id=\"elementor-tab-content-2385\" class=\"elementor-tab-content elementor-clearfix\" data-tab=\"5\" role=\"tabpanel\" aria-labelledby=\"elementor-tab-title-2385\" tabindex=\"0\" hidden=\"hidden\"><ul style=\"list-style-type: circle;\"><li><span data-sheets-value=\"{\" data-sheets-userformat=\"{\">Luis Felipe Brito Gaona (2016), <strong><em>Creaci\u00f3n del comit\u00e9 de control y evaluaci\u00f3n de responsabilidad social universitaria en las instituciones de Educaci\u00f3n Superior<\/em><\/strong>, cap\u00edtulo de libro La innovaci\u00f3n en la gesti\u00f3n universitaria. experiencias y alternativas para su desarrollo, publicado por el Instituto Superior Tecnol\u00f3gico Bolivariano de Tecnolog\u00eda &#8211; Ecuador, con ISBN 978-9942-17-023-1. P\u00e1gina 145-161.<\/span><\/li><\/ul><ul style=\"list-style-type: circle;\"><li>C\u00e9sar Javier Quezada Abad (2016), <strong><em>Libro: Estudio de la poblaci\u00f3n y su inclusividad para el desarrollo local<\/em><\/strong>, ISSN: 978-9978-316-41-2.<\/li><\/ul><\/div>\n\t\t\t\t\t\t\t\t\t<div class=\"elementor-tab-title elementor-tab-mobile-title\" aria-selected=\"false\" data-tab=\"6\" role=\"tab\" tabindex=\"-1\" aria-controls=\"elementor-tab-content-2386\" aria-expanded=\"false\">2015<\/div>\n\t\t\t\t\t<div id=\"elementor-tab-content-2386\" class=\"elementor-tab-content elementor-clearfix\" data-tab=\"6\" role=\"tabpanel\" aria-labelledby=\"elementor-tab-title-2386\" tabindex=\"0\" hidden=\"hidden\"><ul style=\"list-style-type: circle;\"><li><span data-sheets-value=\"{\" data-sheets-userformat=\"{\">Luis Felipe Brito Gaona(2015), <strong><em>El desafio de la Educaci\u00f3n Superior. caso: Universidad T\u00e9cnica de Machala y su acercamiento a la responsabilidad social universitaria cap\u00edtulo del libro Universidad, sociedad y futuro. hacia una nueva reforma universitaria en Am\u00e9rica Latina<\/em><\/strong>, cap\u00edtulo del libro Universidad, sociedad y futuro. hacia una nueva reforma universitaria en Am\u00e9rica Latina, publicado por la Universidad Nacional de Tres de Febrero &#8211; Argentina, con ISBN 978-987-1889-70-9. P\u00e1gina 146-154.<\/span><\/li><\/ul><ul style=\"list-style-type: circle;\"><li><span data-sheets-value=\"{\" data-sheets-userformat=\"{\">Luis Felipe Brito Gaona(2015), <strong><em><a href=\"http:\/\/repositorio.utmachala.edu.ec\/handle\/48000\/6786\" target=\"_blank\" rel=\"noopener\">Innovaci\u00f3n inclusiva y din\u00e1mica territorial: su impronta en la provincia de Ciego de \u00c1vila<\/a><\/em><\/strong>,\u00a0 cap\u00edtulo del libro Estudio de poblaci\u00f3n y su inclusividad para el desarrollo local, publicado en la Editorial UTMACH de la Universidad T\u00e9cnica de Machala \u2013 Ecuador, con ISBN 978-9978-316-41-2. 186 p\u00e1ginas.<\/span><\/li><\/ul><ul style=\"list-style-type: circle;\"><li>C\u00e9sar Javier Quezada Abad (2015), <strong><em>El desafi\u00f3 de la Educaci\u00f3n Superior. caso: Universidad T\u00e9cnica de Machala y su acercamiento a la responsabilidad social universitaria<\/em><\/strong>, cap\u00edtulo del libro Universidad, sociedad y futuro. hacia una nueva reforma universitaria en Am\u00e9rica Latina<\/li><\/ul><\/div>\n\t\t\t\t\t\t\t<\/div>\n\t\t<\/div>\n\t\t\t\t<\/div>\n\t\t\t\t<\/div>\n\t\t\t\t\t\t<\/div>\n\t\t\t\t\t<\/div>\n\t\t<\/div>\n\t\t\t\t\t\t\t\t<\/div>\n\t\t\t\t\t<\/div>\n\t\t<\/section>\n\t\t\t\t\t\t\t\t\t<\/div>\n\t\t\t<\/div>\n\t\t\t\t\t<\/div>\n\t\t","protected":false},"excerpt":{"rendered":"<p>2020 2019 2018 2017 2016 2015 2020 &nbsp;Marcia Ullauri Carri\u00f3n, Carmita Carmona Banderas, Oscar Riofr\u00edo Orozco (2020). Libro El rol de la planificaci\u00f3n en la gesti\u00f3n universitaria. Experiencias y Resultados, cap\u00edtulo : Un nuevo sistema de planificaci\u00f3n estrat\u00e9gica en la gesti\u00f3n universitaria, publicado por la Universidad Polit\u00e9cnica Estatal de Carchi, con ISBN 978-9942-914-70-5. 345 p\u00e1ginas&#8230;<\/p>\n","protected":false},"author":1,"featured_media":0,"parent":0,"menu_order":0,"comment_status":"closed","ping_status":"closed","template":"","meta":[],"_links":{"self":[{"href":"https:\/\/globalplus.ec\/research\/wp-json\/wp\/v2\/pages\/1038"}],"collection":[{"href":"https:\/\/globalplus.ec\/research\/wp-json\/wp\/v2\/pages"}],"about":[{"href":"https:\/\/globalplus.ec\/research\/wp-json\/wp\/v2\/types\/page"}],"author":[{"embeddable":true,"href":"https:\/\/globalplus.ec\/research\/wp-json\/wp\/v2\/users\/1"}],"replies":[{"embeddable":true,"href":"https:\/\/globalplus.ec\/research\/wp-json\/wp\/v2\/comments?post=1038"}],"version-history":[{"count":87,"href":"https:\/\/globalplus.ec\/research\/wp-json\/wp\/v2\/pages\/1038\/revisions"}],"predecessor-version":[{"id":2689,"href":"https:\/\/globalplus.ec\/research\/wp-json\/wp\/v2\/pages\/1038\/revisions\/2689"}],"wp:attachment":[{"href":"https:\/\/globalplus.ec\/research\/wp-json\/wp\/v2\/media?parent=1038"}],"curies":[{"name":"wp","href":"https:\/\/api.w.org\/{rel}","templated":true}]}}