{"id":1198,"date":"2019-02-20T13:52:55","date_gmt":"2019-02-20T13:52:55","guid":{"rendered":"http:\/\/globalplus.ec\/research\/?page_id=1198"},"modified":"2025-01-24T17:54:12","modified_gmt":"2025-01-24T17:54:12","slug":"quienes-somos","status":"publish","type":"page","link":"https:\/\/globalplus.ec\/research\/quienes-somos\/","title":{"rendered":"Qui\u00e9nes somos"},"content":{"rendered":"\t\t<div data-elementor-type=\"wp-page\" data-elementor-id=\"1198\" class=\"elementor elementor-1198\">\n\t\t\t\t\t\t<div class=\"elementor-inner\">\n\t\t\t\t<div class=\"elementor-section-wrap\">\n\t\t\t\t\t\t\t\t\t<section class=\"elementor-section elementor-top-section elementor-element elementor-element-cd18dde elementor-section-boxed elementor-section-height-default elementor-section-height-default\" data-id=\"cd18dde\" data-element_type=\"section\">\n\t\t\t\t\t\t<div class=\"elementor-container elementor-column-gap-default\">\n\t\t\t\t\t\t\t<div class=\"elementor-row\">\n\t\t\t\t\t<div class=\"elementor-column elementor-col-100 elementor-top-column elementor-element elementor-element-1fdfa992\" data-id=\"1fdfa992\" data-element_type=\"column\">\n\t\t\t<div class=\"elementor-column-wrap elementor-element-populated\">\n\t\t\t\t\t\t\t<div class=\"elementor-widget-wrap\">\n\t\t\t\t\t\t<div class=\"elementor-element elementor-element-2f8581c7 elementor-widget elementor-widget-text-editor\" data-id=\"2f8581c7\" data-element_type=\"widget\" data-widget_type=\"text-editor.default\">\n\t\t\t\t<div class=\"elementor-widget-container\">\n\t\t\t\t\t\t\t\t<div class=\"elementor-text-editor elementor-clearfix\">\n\t\t\t\t<p><div class=\"omsc-toggle omsc-expanded\"><div class=\"omsc-toggle-title\">GLOBAL PLUS<\/div><div class=\"omsc-toggle-inner\" style=\"display:block\"><\/p><p style=\"text-align: justify;\"><strong>Global Plus<\/strong> es un grupo de investigaci\u00f3n con enfoque multidisciplinar, creado en el a\u00f1o 2016. Est\u00e1 integrado por profesores y estudiantes de la Universidad T\u00e9cnica de Machala provincia de El Oro, Rep\u00fablica del Ecuador. Sus miembros consideran a la investigaci\u00f3n como una estrategia sistem\u00e1tica, reflexiva y met\u00f3dica para la constante b\u00fasqueda de conocimientos, aportando con propuestas de soluciones a problemas en el \u00e1mbito social, empresarial y productivo.<\/p><p style=\"text-align: justify;\">La pr\u00e1ctica de la investigaci\u00f3n del Grupo genera un valor agregado, tanto para la formaci\u00f3n de los estudiantes y de los investigadores, como para el desarrollo de la misi\u00f3n institucional de la Universidad T\u00e9cnica de Machala, del \u00e1mbito empresarial \u00a0y la sociedad en general. Esto contribuye a validar y legitimar la existencia del grupo en la sociedad, haciendo de \u00e9ste un ente socialmente responsable.<\/p><p style=\"text-align: justify;\">El grupo permite la vinculaci\u00f3n directa de estudiantes de grado y posgrado para el desarrollo de programas y proyectos de investigaci\u00f3n, constituy\u00e9ndose en una oportunidad para la formaci\u00f3n y superaci\u00f3n.<\/p><p style=\"text-align: justify;\">Por \u00faltimo, el desarrollo de la investigaci\u00f3n en el grupo, en la actual coyuntura, posee un particular valor t\u00e1ctico dentro de la estrategia de internacionalizaci\u00f3n y reconocimiento (acreditaci\u00f3n) de la instituci\u00f3n. La naturaleza de Global Plus como equipo universitario, crea el imperativo de desarrollar y destacarse en la actividad investigativa, pues \u00e9sta es inherente al quehacer universitario.<\/p><p style=\"text-align: justify;\">El medio por excelencia de la investigaci\u00f3n es la difusi\u00f3n de \u00a0sus resultados, por esta raz\u00f3n es importante distinguir y fomentar la publicaci\u00f3n de:<\/p><ul style=\"text-align: justify; list-style-type: disc;\"><li>Ponencias en eventos cient\u00edficos nacionales e internacionales<\/li><li>Art\u00edculos de opini\u00f3n y de divulgaci\u00f3n<\/li><li>Art\u00edculos en revistas cient\u00edficas<\/li><li>Cap\u00edtulos en libros<\/li><li>Libros<\/li><\/ul><p><\/div><\/div><\/p><p><div class=\"omsc-toggle\"><div class=\"omsc-toggle-title\">DATOS GENERALES<\/div><div class=\"omsc-toggle-inner\"><\/p><p>\n<table id=\"tablepress-84\" class=\"tablepress tablepress-id-84\">\n<tbody class=\"row-hover\">\n<tr class=\"row-1 odd\">\n\t<td class=\"column-1\"><font color=\"#0176bc\">Nombre del Grupo<\/font><\/td><td class=\"column-2\">Global Plus<\/td>\n<\/tr>\n<tr class=\"row-2 even\">\n\t<td class=\"column-1\"><font color=\"#0176bc\">Coordinador<\/font><\/td><td class=\"column-2\">Eco. Jorge Guido Sotomayor Pereira<\/td>\n<\/tr>\n<tr class=\"row-3 odd\">\n\t<td class=\"column-1\"><font color=\"#0176bc\">Fecha de Alta<\/font><\/td><td class=\"column-2\">20-Enero-2016<\/td>\n<\/tr>\n<tr class=\"row-4 even\">\n\t<td class=\"column-1\"><font color=\"#0176bc\">Adscripci\u00f3n a departamentos<\/font><\/td><td class=\"column-2\"><\/td>\n<\/tr>\n<tr class=\"row-5 odd\">\n\t<td class=\"column-1\"><font color=\"#0176bc\">Instituci\u00f3n de adscripci\u00f3n<\/font><\/td><td class=\"column-2\"><a href=\"https:\/\/www.utmachala.edu.ec\/portalwp\/\" target=\"_blank\">Universidad T\u00e9cnica de Machala<a><\/td>\n<\/tr>\n<\/tbody>\n<\/table>\n<!-- #tablepress-84 from cache --><\/p><p><\/div><\/div><\/p><p><div class=\"omsc-toggle\"><div class=\"omsc-toggle-title\">MISI\u00d3N<\/div><div class=\"omsc-toggle-inner\"><\/p><p style=\"text-align: justify;\">Contribuir al desarrollo econ\u00f3mico de la regi\u00f3n y pa\u00eds ejecutando investigaciones de car\u00e1cter multidisciplinar, pertinentes, integrando sinergias entre docentes y estudiantes, desarrollando ciencia para la soluci\u00f3n de problemas sociales y productivos de la comunidad.<\/p><p><\/div><\/div><\/p><p><div class=\"omsc-toggle\"><div class=\"omsc-toggle-title\">VISI\u00d3N<\/div><div class=\"omsc-toggle-inner\"><\/p><p style=\"text-align: justify;\">Ser el grupo de investigaci\u00f3n l\u00edder y referente en la regi\u00f3n en el desarrollo de investigaci\u00f3n cient\u00edfica, sustentado en la pertinencia de sus procesos, rigor cient\u00edfico y profundidad de su producci\u00f3n, generando ciencia que permita el crecimiento econ\u00f3mico y social del pa\u00eds.<\/p><p><\/div><\/div><\/p><p><div class=\"omsc-toggle\"><div class=\"omsc-toggle-title\">OBJETIVOS<\/div><div class=\"omsc-toggle-inner\"><\/p><p style=\"text-align: justify;\"><strong>Objetivo general<\/strong><\/p><p style=\"text-align: justify;\">Desarrollar investigaci\u00f3n que, desde un enfoque multidisciplinario, genere conocimientos que replanteen escenarios nacionales e internacionales a trav\u00e9s de propuestas que conduzcan a la soluci\u00f3n de necesidades.<\/p><p style=\"text-align: justify;\"><strong>Objetivos espec\u00edficos<\/strong><\/p><ol style=\"text-align: justify;\"><li>Determinar las necesidades y oportunidades de investigaci\u00f3n del sector productivo y social de la regi\u00f3n desarrollando proyectos de investigaci\u00f3n que conduzcan a la soluci\u00f3n de problemas detectados.<\/li><li>Fortalecer cada una de las l\u00edneas de investigaci\u00f3n, capitalizando la experiencia investigativa de sus integrantes.<\/li><li>Generar productos de investigaci\u00f3n de alto nivel de innovaci\u00f3n y con un impacto directo en la sociedad.<\/li><li>Asesorar a la comunidad acad\u00e9mica y el sector empresarial, en las l\u00edneas del trabajo del grupo, estableciendo un sistema de informaci\u00f3n que asegure la disponibilidad de la misma.<\/li><li>Fomentar la cultura investigativa de la instituci\u00f3n.<\/li><li>Agregar valor a la actividad docente de la instituci\u00f3n mediante la actualizaci\u00f3n, pertinencia y novedad de propuestas curriculares, estrategias y m\u00e9todos de ense\u00f1anza con \u00e9nfasis en una sociedad de la informaci\u00f3n.<\/li><\/ol><p><\/div><\/div><\/p><p><div class=\"omsc-toggle\"><div class=\"omsc-toggle-title\">C\u00d3DIGO DE \u00c9TICA<\/div><div class=\"omsc-toggle-inner\"><\/p><p style=\"text-align: justify;\">El C\u00f3digo de \u00c9tica del Grupo de Investigaci\u00f3n Global Plus \u00abInvestigaciones Econ\u00f3micas\u00bb tiene por objetivo normar la conducta de sus miembros y colaboradores en la planificaci\u00f3n, organizaci\u00f3n, direcci\u00f3n y control de las actividades cient\u00edficas, para el aseguramiento del rigor, la disciplina en la producci\u00f3n de conocimiento.<\/p><p style=\"text-align: justify;\">Los principios generales que rigen las acciones de los integrantes permanentes y temporales del Grupo son los siguientes:<\/p><ol style=\"text-align: justify;\"><li style=\"list-style-type: none;\"><ol style=\"text-align: justify;\"><li style=\"text-align: justify;\">Apego a las pol\u00edticas, leyes, reglamentos y procedimientos establecidos en el Pa\u00eds, en la Universidad y en el propio Grupo.<\/li><li style=\"text-align: justify;\">Libertad de investigaci\u00f3n en el marco de los dominios y l\u00edneas de investigaci\u00f3n institucionales.<\/li><li style=\"text-align: justify;\">Protecci\u00f3n a las personas, al ambiente y a la diversidad cultural.<\/li><li style=\"text-align: justify;\">Consentimiento informado y expreso para el uso de la informaci\u00f3n personal o institucional, garantizando su confidencialidad y sigilo.<\/li><li style=\"text-align: justify;\">Responsabilidad cient\u00edfica en el dise\u00f1o, ejecuci\u00f3n y presentaci\u00f3n de los resultados de investigaci\u00f3n.<\/li><li style=\"text-align: justify;\">Rechazo a las violaciones \u00e9ticas de plagio, fraude, exclusi\u00f3n dolosa, cohecho y otras manifestaciones que comprometan la honestidad cient\u00edfica.<\/li><\/ol><\/li><\/ol><ol style=\"text-align: justify;\"><li style=\"list-style-type: none;\">\u00a0<\/li><\/ol><ol style=\"text-align: justify;\"><li style=\"list-style-type: none;\">\u00a0<\/li><\/ol><ol style=\"text-align: justify;\"><li style=\"list-style-type: none;\">\u00a0<\/li><\/ol><ol style=\"text-align: justify;\"><li style=\"list-style-type: none;\">\u00a0<\/li><\/ol><p style=\"text-align: justify;\">Los valores compartidos por los miembros del Grupo se conceptualizan y operacionalizan a continuaci\u00f3n:<\/p><ol style=\"text-align: justify;\"><li>Disciplina cient\u00edfica. Cumplimiento de las reglas que rigen el trabajo en grupo para mantener el orden, el respeto mutuo, y garantizar el cumplimiento de los objetivos comunes.<br \/><ul style=\"list-style-type: disc;\"><li>Asistencia en tiempo y forma a las actividades planificadas.<\/li><li>Entrega en tiempo y forma de los compromisos contra\u00eddos.<\/li><li>Apego estricto al presente C\u00f3digo.<\/li><\/ul><\/li><li>Responsabilidad profesional. Actuaci\u00f3n consciente en las actividades del Grupo, asumiendo las consecuencias de sus actos.<br \/><ul style=\"list-style-type: disc;\"><li>Contribuci\u00f3n creativa a la satisfacci\u00f3n de necesidades del Grupo y a las necesidades sociales de investigaci\u00f3n.<\/li><li>Participaci\u00f3n activa en los an\u00e1lisis y decisiones.<\/li><li>Uso consecuente de los m\u00e9todos cient\u00edficos y sus procedimientos.<\/li><li>Utilizaci\u00f3n del conocimiento cient\u00edfico para la soluci\u00f3n de problemas.<\/li><li>Esp\u00edritu de superaci\u00f3n constante y sistem\u00e1tica.<\/li><li>Uso pertinente de los recursos destinados a la investigaci\u00f3n.<\/li><li>Garant\u00edas de rigurosidad en el proceso de investigaci\u00f3n.<\/li><li>Sigilo en el manejo de la informaci\u00f3n.<\/li><\/ul><\/li><li>Honestidad. Desempe\u00f1o en defensa de la verdad, la transparencia y la justicia.<br \/><ul style=\"list-style-type: disc;\"><li>Lucha contra el fraude y el plagio, demostrando autenticidad, profesionalismo y coherenica entre lo que dice y hace.<\/li><li>Actuaci\u00f3n con justicia.<\/li><li>Lealtad a las decisiones, resoluciones, acuerdos y miembros.<\/li><li>Relaciones interpersonales basadas en la confianza, la sinceridad y el respeto mutuo.<\/li><li>Pr\u00e1ctica de la autocr\u00edtica y la cr\u00edtica constructiva.<\/li><li>Transparencia sistem\u00e1tica con los recursos del Grupo.<\/li><li>Prioridad al bien com\u00fan por encima del personal.<\/li><\/ul><\/li><\/ol><p style=\"text-align: justify;\">El Coordinador de grupo, el Secretario y un miembro electo del Grupo controlar\u00e1n la observancia de los principios y valores declarados en el presente C\u00f3digo e informar\u00e1n trimestralmente a todos los miembros.<\/p><p style=\"text-align: justify;\">La falta excepcional al C\u00f3digo de \u00c9tica ser\u00e1 notificada al miembro del Grupo de forma exclusiva por dos ocasiones solamente, antes de ser excluido autom\u00e1ticamente del mismo.<\/p><p style=\"text-align: justify;\">Todos los miembros del Grupo firman el presente C\u00f3digo como evidencia de su conocimiento y aceptaci\u00f3n incondicional.<\/p><p style=\"text-align: justify;\"><em>Aprobado en sesi\u00f3n ordinaria, en la sala de sesiones de VINCOPP, en la ciudad de Machala, a los 20 d\u00edas del mes octubre de 2018.<\/em><\/p><ul><li style=\"list-style-type: none;\"><ul style=\"list-style-type: circle;\"><li style=\"list-style-type: none;\">\u00a0<\/li><\/ul><\/li><\/ul><p><\/div><\/div><\/p><p><div class=\"omsc-toggle\"><div class=\"omsc-toggle-title\">RELACIONES INTERNACIONALES Y REDES ACAD\u00c9MICAS<\/div><div class=\"omsc-toggle-inner\"><\/p><p style=\"text-align: justify;\">Siendo conscientes de la necesidad de articulaci\u00f3n entre diferentes redes de conocimiento que exige el quehacer cient\u00edfico, el Grupo de Investigaci\u00f3n Global Plus ha fomentado en sus profesores investigadores la integraci\u00f3n con profesores de universidades nacionales e internacionales, a trav\u00e9s de diferentes mecanismos y mediante redes y asociaciones. No obstante, reconocemos que a\u00fan hay que fortalecer de manera significativa estos procesos.<\/p><p><strong>Universidades<\/strong><\/p><ul style=\"list-style-type: disc;\"><li>Universidad de La Coru\u00f1a \u2013 Espa\u00f1a<\/li><li>Universidad de La Habana \u2013 Cuba<\/li><li>Universidad M\u00e1ximo G\u00f3mez B\u00e1ez de Ciego de \u00c1vila \u2013 Cuba<\/li><li>Superintendencia de compa\u00f1ias<\/li><\/ul><p><strong>Redes acad\u00e9micas y no acad\u00e9micas<\/strong><\/p><ul style=\"list-style-type: disc;\"><li>Red \u2013 Dees: Red de Direcci\u00f3n Estrat\u00e9gica para la Educaci\u00f3n Superior<\/li><li>Instituto de Monterrey \u2013 M\u00e9xico<\/li><\/ul><p><strong>Observatorios<\/strong><\/p><ul style=\"list-style-type: disc;\"><li>Observatorio de la Superintendencia de Compa\u00f1ias<\/li><\/ul><p><\/div><\/div><\/p><p style=\"text-align: justify;\"><div class=\"omsc-toggle\"><div class=\"omsc-toggle-title\">OTROS IMPACTOS<\/div><div class=\"omsc-toggle-inner\"><\/p><p style=\"text-align: justify;\">Las principales actividades de consultor\u00eda que la Universidad puede proveer a los entes externos est\u00e1n constituidas por proyectos con productos y tiempos definidos de com\u00fan acuerdo con los contratantes. La consultor\u00eda se provee entonces a un ente externo, sea p\u00fablico \u00f3 privado. El Grupo de Investigaci\u00f3n Global Plus cuenta con un talento humano enriquecido por la experiencia docente, empresarial y por la investigaci\u00f3n que la habilita para aportar orientaci\u00f3n y capacitaci\u00f3n a quien lo requiera. As\u00ed mismo, la prestaci\u00f3n de servicios por la Universidad puede conducir a la optimizaci\u00f3n en el uso de su capacidad instalada.<\/p><p style=\"text-align: justify;\">En consecuencia, a las IES se les puede reconocer una ventaja competitiva frente a otras entidades prestadoras de servicios en la medida en la que, debido al control que se ejerce en la labor investigativa, tienen mayor capacidad de prestarlos en forma m\u00e1s calificada. Sin embargo, las instituciones universitarias tienen grandes limitantes para desarrollar estas actividades debido a su modelo organizacional donde los par\u00e1metros de eficiencia en la producci\u00f3n son diferentes al modelo en la empresa. Esto puede hacer que pierdan oportunidades en la generaci\u00f3n de servicios.<\/p><p style=\"text-align: justify;\">Con respecto a la consultor\u00eda en el Grupo de Investigaci\u00f3n Global Plus, la Universidad mantiene su independencia para responder a las necesidades del solicitante, dentro del marco des competencias. Por tanto, tiene el derecho de seleccionar o rechazar las diferentes actividades de servicio, de acuerdo con sus principios y prioridades. El aporte de la Universidad privilegiar\u00e1 el enfoque interdisciplinario, seg\u00fan la naturaleza de los problemas presentados por el solicitante y, de acuerdo con su experticia, dar\u00e1 prioridad a las problem\u00e1ticas en ella relacionadas.<\/p><p style=\"text-align: justify;\"><\/div><\/div><\/p><p><div class=\"omsc-toggle\"><div class=\"omsc-toggle-title\">CONTACTOS<\/div><div class=\"omsc-toggle-inner\"><\/p><p>\n<table id=\"tablepress-85\" class=\"tablepress tablepress-id-85\">\n<tbody class=\"row-hover\">\n<tr class=\"row-1 odd\">\n\t<td class=\"column-1\"><font color=\"#0176bc\">Direcci\u00f3n<\/font><\/td><td class=\"column-2\">Universidad T\u00e9cnica de Machala, Panamericana Km 5.5 v\u00eda Pasaje &#8211; El Oro &#8211; Ecuador<\/td>\n<\/tr>\n<tr class=\"row-2 even\">\n\t<td class=\"column-1\"><font color=\"#0176bc\">Tel\u00e9fono<\/font><\/td><td class=\"column-2\"><\/td>\n<\/tr>\n<tr class=\"row-3 odd\">\n\t<td class=\"column-1\"><font color=\"#0176bc\">Correo<\/font><\/td><td class=\"column-2\">coordinacion@globalplus.ec<\/td>\n<\/tr>\n<tr class=\"row-4 even\">\n\t<td class=\"column-1\"><font color=\"#0176bc\">Sitio Web<\/font><\/td><td class=\"column-2\"><a href=\"http:\/\/globalplus.ec\" target=\"blank\">http:\/\/globalplus.ec<\/a><\/td>\n<\/tr>\n<\/tbody>\n<\/table>\n<!-- #tablepress-85 from cache --><\/p><p><\/div><\/div><\/p>\t\t\t\t\t<\/div>\n\t\t\t\t\t\t<\/div>\n\t\t\t\t<\/div>\n\t\t\t\t\t\t<\/div>\n\t\t\t\t\t<\/div>\n\t\t<\/div>\n\t\t\t\t\t\t\t\t<\/div>\n\t\t\t\t\t<\/div>\n\t\t<\/section>\n\t\t\t\t\t\t\t\t\t<\/div>\n\t\t\t<\/div>\n\t\t\t\t\t<\/div>\n\t\t","protected":false},"excerpt":{"rendered":"","protected":false},"author":1,"featured_media":0,"parent":0,"menu_order":0,"comment_status":"closed","ping_status":"closed","template":"","meta":[],"_links":{"self":[{"href":"https:\/\/globalplus.ec\/research\/wp-json\/wp\/v2\/pages\/1198"}],"collection":[{"href":"https:\/\/globalplus.ec\/research\/wp-json\/wp\/v2\/pages"}],"about":[{"href":"https:\/\/globalplus.ec\/research\/wp-json\/wp\/v2\/types\/page"}],"author":[{"embeddable":true,"href":"https:\/\/globalplus.ec\/research\/wp-json\/wp\/v2\/users\/1"}],"replies":[{"embeddable":true,"href":"https:\/\/globalplus.ec\/research\/wp-json\/wp\/v2\/comments?post=1198"}],"version-history":[{"count":37,"href":"https:\/\/globalplus.ec\/research\/wp-json\/wp\/v2\/pages\/1198\/revisions"}],"predecessor-version":[{"id":2972,"href":"https:\/\/globalplus.ec\/research\/wp-json\/wp\/v2\/pages\/1198\/revisions\/2972"}],"wp:attachment":[{"href":"https:\/\/globalplus.ec\/research\/wp-json\/wp\/v2\/media?parent=1198"}],"curies":[{"name":"wp","href":"https:\/\/api.w.org\/{rel}","templated":true}]}}