{"id":1436,"date":"2019-04-05T17:38:30","date_gmt":"2019-04-05T17:38:30","guid":{"rendered":"http:\/\/globalplus.ec\/research\/?page_id=1436"},"modified":"2019-08-06T12:59:03","modified_gmt":"2019-08-06T12:59:03","slug":"observatorio-economico","status":"publish","type":"page","link":"https:\/\/globalplus.ec\/research\/observatorio-economico\/","title":{"rendered":"Observatorio Econ\u00f3mico"},"content":{"rendered":"\n<p><\/p>\n\n\n<p>Gustosos informamos a la comunidad orense la pr\u00f3xima inauguraci\u00f3n de las oficinas del Observatorio Econ\u00f3mico (Global Plus) ubicadas en el campus Machala, calle Loja y 25 de Junio (frente al cementerio general de Machala)<\/p>","protected":false},"excerpt":{"rendered":"<p>Gustosos informamos a la comunidad orense la pr\u00f3xima inauguraci\u00f3n de las oficinas del Observatorio Econ\u00f3mico (Global Plus) ubicadas en el campus Machala, calle Loja y 25 de Junio (frente al cementerio general de Machala)<\/p>\n","protected":false},"author":1,"featured_media":0,"parent":0,"menu_order":0,"comment_status":"closed","ping_status":"closed","template":"","meta":[],"_links":{"self":[{"href":"https:\/\/globalplus.ec\/research\/wp-json\/wp\/v2\/pages\/1436"}],"collection":[{"href":"https:\/\/globalplus.ec\/research\/wp-json\/wp\/v2\/pages"}],"about":[{"href":"https:\/\/globalplus.ec\/research\/wp-json\/wp\/v2\/types\/page"}],"author":[{"embeddable":true,"href":"https:\/\/globalplus.ec\/research\/wp-json\/wp\/v2\/users\/1"}],"replies":[{"embeddable":true,"href":"https:\/\/globalplus.ec\/research\/wp-json\/wp\/v2\/comments?post=1436"}],"version-history":[{"count":10,"href":"https:\/\/globalplus.ec\/research\/wp-json\/wp\/v2\/pages\/1436\/revisions"}],"predecessor-version":[{"id":1788,"href":"https:\/\/globalplus.ec\/research\/wp-json\/wp\/v2\/pages\/1436\/revisions\/1788"}],"wp:attachment":[{"href":"https:\/\/globalplus.ec\/research\/wp-json\/wp\/v2\/media?parent=1436"}],"curies":[{"name":"wp","href":"https:\/\/api.w.org\/{rel}","templated":true}]}}