{"id":218,"date":"2018-08-10T01:58:20","date_gmt":"2018-08-10T01:58:20","guid":{"rendered":"http:\/\/globalplus.ec\/research\/?page_id=218"},"modified":"2019-05-10T22:03:21","modified_gmt":"2019-05-10T22:03:21","slug":"libros","status":"publish","type":"page","link":"https:\/\/globalplus.ec\/research\/libros\/","title":{"rendered":"Libros"},"content":{"rendered":"\t\t<div data-elementor-type=\"wp-post\" data-elementor-id=\"218\" class=\"elementor elementor-218 elementor-bc-flex-widget\">\n\t\t\t\t\t\t<div class=\"elementor-inner\">\n\t\t\t\t<div class=\"elementor-section-wrap\">\n\t\t\t\t\t\t\t\t\t<section class=\"elementor-section elementor-top-section elementor-element elementor-element-5369b8e elementor-section-boxed elementor-section-height-default elementor-section-height-default\" data-id=\"5369b8e\" data-element_type=\"section\">\n\t\t\t\t\t\t<div class=\"elementor-container elementor-column-gap-default\">\n\t\t\t\t\t\t\t<div class=\"elementor-row\">\n\t\t\t\t\t<div class=\"elementor-column elementor-col-100 elementor-top-column elementor-element elementor-element-6064a7e\" data-id=\"6064a7e\" data-element_type=\"column\">\n\t\t\t<div class=\"elementor-column-wrap elementor-element-populated\">\n\t\t\t\t\t\t\t<div class=\"elementor-widget-wrap\">\n\t\t\t\t\t\t<div class=\"elementor-element elementor-element-62cba4a elementor-tabs-view-horizontal elementor-widget elementor-widget-tabs\" data-id=\"62cba4a\" data-element_type=\"widget\" data-widget_type=\"tabs.default\">\n\t\t\t\t<div class=\"elementor-widget-container\">\n\t\t\t\t\t<div class=\"elementor-tabs\">\n\t\t\t<div class=\"elementor-tabs-wrapper\" role=\"tablist\" >\n\t\t\t\t\t\t\t\t\t<div id=\"elementor-tab-title-1031\" class=\"elementor-tab-title elementor-tab-desktop-title\" aria-selected=\"true\" data-tab=\"1\" role=\"tab\" tabindex=\"0\" aria-controls=\"elementor-tab-content-1031\" aria-expanded=\"false\"><a href=\"\">2018<\/a><\/div>\n\t\t\t\t\t\t\t\t\t<div id=\"elementor-tab-title-1032\" class=\"elementor-tab-title elementor-tab-desktop-title\" aria-selected=\"false\" data-tab=\"2\" role=\"tab\" tabindex=\"-1\" aria-controls=\"elementor-tab-content-1032\" aria-expanded=\"false\"><a href=\"\">2017<\/a><\/div>\n\t\t\t\t\t\t\t\t\t<div id=\"elementor-tab-title-1033\" class=\"elementor-tab-title elementor-tab-desktop-title\" aria-selected=\"false\" data-tab=\"3\" role=\"tab\" tabindex=\"-1\" aria-controls=\"elementor-tab-content-1033\" aria-expanded=\"false\"><a href=\"\">2015<\/a><\/div>\n\t\t\t\t\t\t\t<\/div>\n\t\t\t<div class=\"elementor-tabs-content-wrapper\" role=\"tablist\" aria-orientation=\"vertical\">\n\t\t\t\t\t\t\t\t\t<div class=\"elementor-tab-title elementor-tab-mobile-title\" aria-selected=\"true\" data-tab=\"1\" role=\"tab\" tabindex=\"0\" aria-controls=\"elementor-tab-content-1031\" aria-expanded=\"false\">2018<\/div>\n\t\t\t\t\t<div id=\"elementor-tab-content-1031\" class=\"elementor-tab-content elementor-clearfix\" data-tab=\"1\" role=\"tabpanel\" aria-labelledby=\"elementor-tab-title-1031\" tabindex=\"0\" hidden=\"false\"><ul style=\"list-style-type: circle;\"><li>Luis Felipe Brito Gaona (2018), <strong><em><a href=\"http:\/\/repositorio.utmachala.edu.ec\/handle\/48000\/12492\" target=\"_blank\" rel=\"noopener\">La universidad y la vinculaci\u00f3n con la sociedad. una condici\u00f3n impostergable<\/a><\/em><\/strong>, Editorial Utmach de la Universidad T\u00e9cnica de Machala \u2013 Ecuador, con ISBN 978-9942-24-086-6. 128 p\u00e1ginas.<\/li><\/ul><ul style=\"list-style-type: circle;\"><li>C\u00e9sar Javier Quezada Abad (2018), <strong><em><a href=\"http:\/\/repositorio.utmachala.edu.ec\/handle\/48000\/12492\" target=\"_blank\" rel=\"noopener\">La universidad y la vinculaci\u00f3n con la sociedad. una condici\u00f3n impostergable<\/a><\/em><\/strong>,Editorial Utmach de la Universidad T\u00e9cnica de Machala \u2013 Ecuador, con ISBN 978-9942-24-086-6. 128 p\u00e1ginas.<\/li><\/ul><\/div>\n\t\t\t\t\t\t\t\t\t<div class=\"elementor-tab-title elementor-tab-mobile-title\" aria-selected=\"false\" data-tab=\"2\" role=\"tab\" tabindex=\"-1\" aria-controls=\"elementor-tab-content-1032\" aria-expanded=\"false\">2017<\/div>\n\t\t\t\t\t<div id=\"elementor-tab-content-1032\" class=\"elementor-tab-content elementor-clearfix\" data-tab=\"2\" role=\"tabpanel\" aria-labelledby=\"elementor-tab-title-1032\" tabindex=\"0\" hidden=\"hidden\"><ul style=\"list-style-type: circle;\"><li>Luis Felipe Brito Gaona (2017), <span style=\"color: #0176bc;\"><strong><em><a style=\"color: #0176bc;\" href=\"http:\/\/investigacion.utmachala.edu.ec\/es\/wp-content\/uploads\/2017\/06\/JIVE2016.pdf\" target=\"_blank\" rel=\"noopener\">Jornada de investigaci\u00f3n y vinculaci\u00f3n estudiantil<\/a><\/em><\/strong><\/span>, Editorial Utmach de la Universidad T\u00e9cnica de Machala \u2013 Ecuador, ISBN 978-9942-24-083-5. 79 p\u00e1ginas.<\/li><\/ul><ul style=\"list-style-type: circle;\"><li>C\u00e9sar Javier Quezada Abad (2017), <strong><em><a href=\"http:\/\/investigacion.utmachala.edu.ec\/ctec2\/\" target=\"_blank\" rel=\"noopener\">Memoria Cient\u00edfica del \u00abSegundo Congreso Internacional de Ciencia y Tecnolog\u00eda UTMACH 2016\u00bb<\/a><\/em><\/strong>, Libro de resumen Primera Edici\u00f3n 2017, ISBN 978-9942-24-084-2.<\/li><\/ul><\/div>\n\t\t\t\t\t\t\t\t\t<div class=\"elementor-tab-title elementor-tab-mobile-title\" aria-selected=\"false\" data-tab=\"3\" role=\"tab\" tabindex=\"-1\" aria-controls=\"elementor-tab-content-1033\" aria-expanded=\"false\">2015<\/div>\n\t\t\t\t\t<div id=\"elementor-tab-content-1033\" class=\"elementor-tab-content elementor-clearfix\" data-tab=\"3\" role=\"tabpanel\" aria-labelledby=\"elementor-tab-title-1033\" tabindex=\"0\" hidden=\"hidden\"><ul style=\"list-style-type: circle;\"><li>Luis Felipe Brito Gaona (2015), <strong><em><a href=\"http:\/\/repositorio.utmachala.edu.ec\/handle\/48000\/6755\" target=\"_blank\" rel=\"noopener\">Plan de desarrollo y ordenamiento territorial de jambel\u00ed<\/a><\/em><\/strong>, Editorial Utmach de la Universidad T\u00e9cnica de Machala \u2013 Ecuador, ISBN 978-9978-316-40-5. 222 p\u00e1ginas.<\/li><\/ul><ul style=\"list-style-type: circle;\"><li>Luis Felipe Brito Gaona (2015), <strong><em><a href=\"http:\/\/repositorio.utmachala.edu.ec\/handle\/48000\/6786\" target=\"_blank\" rel=\"noopener\">Estudio de poblaci\u00f3n y su inclusividad para el desarrollo local<\/a><\/em><\/strong>, Editorial Utmach de la Universidad T\u00e9cnica de Machala \u2013 Ecuador, con ISBN 978-9978-316-41-2. 186 p\u00e1ginas.<\/li><\/ul><ul style=\"list-style-type: circle;\"><li>Luis Felipe Brito Gaona (2015), <strong><em><a href=\"http:\/\/repositorio.utmachala.edu.ec\/handle\/48000\/6880\" target=\"_blank\" rel=\"noopener\">Planificaci\u00f3n de proyectos de vinculaci\u00f3n con la sociedad<\/a><\/em><\/strong>, Editorial Utmach de la Universidad T\u00e9cnica de Machala \u2013 Ecuador, con ISBN 978-9978-316-42-9. 132 p\u00e1ginas.<\/li><\/ul><ul style=\"list-style-type: circle;\"><li>C\u00e9sar Javier Quezada Abad (2015), <a href=\"http:\/\/repositorio.utmachala.edu.ec\/handle\/48000\/6880\" target=\"_blank\" rel=\"noopener\"><strong><em>Planificaci\u00f3n de proyectos de vinculaci\u00f3n con la sociedad<\/em><\/strong><\/a>, Editorial Utmach de la Universidad T\u00e9cnica de Machala \u2013 Ecuador, con ISBN 978-9978-316-42-9. 132 p\u00e1ginas.<\/li><\/ul><ul style=\"list-style-type: circle;\"><li>C\u00e9sar Javier Quezada Abad (2015), <strong><em><a href=\"http:\/\/repositorio.utmachala.edu.ec\/handle\/48000\/6755\" target=\"_blank\" rel=\"noopener\">Plan de desarrollo y ordenamiento territorial de jambel\u00ed<\/a><\/em><\/strong>, Editorial Utmach de la Universidad T\u00e9cnica de Machala \u2013 Ecuador, con ISBN 978-9978-316-40-5. 222 p\u00e1ginas.<\/li><\/ul><\/div>\n\t\t\t\t\t\t\t<\/div>\n\t\t<\/div>\n\t\t\t\t<\/div>\n\t\t\t\t<\/div>\n\t\t\t\t\t\t<\/div>\n\t\t\t\t\t<\/div>\n\t\t<\/div>\n\t\t\t\t\t\t\t\t<\/div>\n\t\t\t\t\t<\/div>\n\t\t<\/section>\n\t\t\t\t\t\t\t\t\t<\/div>\n\t\t\t<\/div>\n\t\t\t\t\t<\/div>\n\t\t","protected":false},"excerpt":{"rendered":"<p>2018 2017 2015 2018 Luis Felipe Brito Gaona (2018), La universidad y la vinculaci\u00f3n con la sociedad. una condici\u00f3n impostergable, Editorial Utmach de la Universidad T\u00e9cnica de Machala \u2013 Ecuador, con ISBN 978-9942-24-086-6. 128 p\u00e1ginas. C\u00e9sar Javier Quezada Abad (2018), La universidad y la vinculaci\u00f3n con la sociedad. una condici\u00f3n impostergable,Editorial Utmach de la Universidad&#8230;<\/p>\n","protected":false},"author":1,"featured_media":0,"parent":0,"menu_order":0,"comment_status":"closed","ping_status":"closed","template":"","meta":[],"_links":{"self":[{"href":"https:\/\/globalplus.ec\/research\/wp-json\/wp\/v2\/pages\/218"}],"collection":[{"href":"https:\/\/globalplus.ec\/research\/wp-json\/wp\/v2\/pages"}],"about":[{"href":"https:\/\/globalplus.ec\/research\/wp-json\/wp\/v2\/types\/page"}],"author":[{"embeddable":true,"href":"https:\/\/globalplus.ec\/research\/wp-json\/wp\/v2\/users\/1"}],"replies":[{"embeddable":true,"href":"https:\/\/globalplus.ec\/research\/wp-json\/wp\/v2\/comments?post=218"}],"version-history":[{"count":65,"href":"https:\/\/globalplus.ec\/research\/wp-json\/wp\/v2\/pages\/218\/revisions"}],"predecessor-version":[{"id":1757,"href":"https:\/\/globalplus.ec\/research\/wp-json\/wp\/v2\/pages\/218\/revisions\/1757"}],"wp:attachment":[{"href":"https:\/\/globalplus.ec\/research\/wp-json\/wp\/v2\/media?parent=218"}],"curies":[{"name":"wp","href":"https:\/\/api.w.org\/{rel}","templated":true}]}}