{"id":222,"date":"2018-08-10T02:10:03","date_gmt":"2018-08-10T02:10:03","guid":{"rendered":"http:\/\/globalplus.ec\/research\/?page_id=222"},"modified":"2020-05-05T01:40:08","modified_gmt":"2020-05-05T01:40:08","slug":"tesis-doctorales","status":"publish","type":"page","link":"https:\/\/globalplus.ec\/research\/tesis-doctorales\/","title":{"rendered":"Tesis Doctorales"},"content":{"rendered":"\t\t<div data-elementor-type=\"wp-post\" data-elementor-id=\"222\" class=\"elementor elementor-222\">\n\t\t\t\t\t\t<div class=\"elementor-inner\">\n\t\t\t\t<div class=\"elementor-section-wrap\">\n\t\t\t\t\t\t\t\t\t<section class=\"elementor-section elementor-top-section elementor-element elementor-element-dfcd119 elementor-section-boxed elementor-section-height-default elementor-section-height-default\" data-id=\"dfcd119\" data-element_type=\"section\">\n\t\t\t\t\t\t<div class=\"elementor-container elementor-column-gap-default\">\n\t\t\t\t\t\t\t<div class=\"elementor-row\">\n\t\t\t\t\t<div class=\"elementor-column elementor-col-100 elementor-top-column elementor-element elementor-element-07eaecb\" data-id=\"07eaecb\" data-element_type=\"column\">\n\t\t\t<div class=\"elementor-column-wrap elementor-element-populated\">\n\t\t\t\t\t\t\t<div class=\"elementor-widget-wrap\">\n\t\t\t\t\t\t<div class=\"elementor-element elementor-element-1da3a58 elementor-tabs-view-horizontal elementor-widget elementor-widget-tabs\" data-id=\"1da3a58\" data-element_type=\"widget\" data-widget_type=\"tabs.default\">\n\t\t\t\t<div class=\"elementor-widget-container\">\n\t\t\t\t\t<div class=\"elementor-tabs\">\n\t\t\t<div class=\"elementor-tabs-wrapper\" role=\"tablist\" >\n\t\t\t\t\t\t\t\t\t<div id=\"elementor-tab-title-3101\" class=\"elementor-tab-title elementor-tab-desktop-title\" aria-selected=\"true\" data-tab=\"1\" role=\"tab\" tabindex=\"0\" aria-controls=\"elementor-tab-content-3101\" aria-expanded=\"false\"><a href=\"\">2019<\/a><\/div>\n\t\t\t\t\t\t\t\t\t<div id=\"elementor-tab-title-3102\" class=\"elementor-tab-title elementor-tab-desktop-title\" aria-selected=\"false\" data-tab=\"2\" role=\"tab\" tabindex=\"-1\" aria-controls=\"elementor-tab-content-3102\" aria-expanded=\"false\"><a href=\"\">2018<\/a><\/div>\n\t\t\t\t\t\t\t<\/div>\n\t\t\t<div class=\"elementor-tabs-content-wrapper\" role=\"tablist\" aria-orientation=\"vertical\">\n\t\t\t\t\t\t\t\t\t<div class=\"elementor-tab-title elementor-tab-mobile-title\" aria-selected=\"true\" data-tab=\"1\" role=\"tab\" tabindex=\"0\" aria-controls=\"elementor-tab-content-3101\" aria-expanded=\"false\">2019<\/div>\n\t\t\t\t\t<div id=\"elementor-tab-content-3101\" class=\"elementor-tab-content elementor-clearfix\" data-tab=\"1\" role=\"tabpanel\" aria-labelledby=\"elementor-tab-title-3101\" tabindex=\"0\" hidden=\"false\"><ul style=\"list-style-type: circle;\"><li>Jorge Guido Sotomayor Pereira (2019), Tesis doctoral <em><strong><a href=\"https:\/\/ruc.udc.es\/dspace\/bitstream\/handle\/2183\/23018\/SotomayorPereira_JorgeGuido_TD_2019.pdf?sequence=2&amp;isAllowed=y\" target=\"_blank\" rel=\"noopener\">Tres ensayos sobre econom\u00eda regional: El impacto de la geograf\u00eda econ\u00f3mica en Ecuador<\/a><\/strong><\/em>, Universidade da Coru\u00f1a, Espa\u00f1a.<\/li><\/ul><\/div>\n\t\t\t\t\t\t\t\t\t<div class=\"elementor-tab-title elementor-tab-mobile-title\" aria-selected=\"false\" data-tab=\"2\" role=\"tab\" tabindex=\"-1\" aria-controls=\"elementor-tab-content-3102\" aria-expanded=\"false\">2018<\/div>\n\t\t\t\t\t<div id=\"elementor-tab-content-3102\" class=\"elementor-tab-content elementor-clearfix\" data-tab=\"2\" role=\"tabpanel\" aria-labelledby=\"elementor-tab-title-3102\" tabindex=\"0\" hidden=\"hidden\"><ul style=\"list-style-type: circle;\"><li>Luis Felipe Brito Gaona (2018), Tesis doctoral <strong><em><a href=\"https:\/\/ruc.udc.es\/dspace\/handle\/2183\/20268\" target=\"_blank\" rel=\"noopener\">Inversi\u00f3n privada, gasto p\u00fablico y presi\u00f3n tributaria<\/a><\/em><\/strong>, Universidade da Coru\u00f1a, Espa\u00f1a.<\/li><\/ul><\/div>\n\t\t\t\t\t\t\t<\/div>\n\t\t<\/div>\n\t\t\t\t<\/div>\n\t\t\t\t<\/div>\n\t\t\t\t\t\t<\/div>\n\t\t\t\t\t<\/div>\n\t\t<\/div>\n\t\t\t\t\t\t\t\t<\/div>\n\t\t\t\t\t<\/div>\n\t\t<\/section>\n\t\t\t\t\t\t\t\t\t<\/div>\n\t\t\t<\/div>\n\t\t\t\t\t<\/div>\n\t\t","protected":false},"excerpt":{"rendered":"<p>2019 2018 2019 Jorge Guido Sotomayor Pereira (2019), Tesis doctoral Tres ensayos sobre econom\u00eda regional: El impacto de la geograf\u00eda econ\u00f3mica en Ecuador, Universidade da Coru\u00f1a, Espa\u00f1a. 2018 Luis Felipe Brito Gaona (2018), Tesis doctoral Inversi\u00f3n privada, gasto p\u00fablico y presi\u00f3n tributaria, Universidade da Coru\u00f1a, Espa\u00f1a.<\/p>\n","protected":false},"author":1,"featured_media":0,"parent":0,"menu_order":0,"comment_status":"closed","ping_status":"closed","template":"","meta":[],"_links":{"self":[{"href":"https:\/\/globalplus.ec\/research\/wp-json\/wp\/v2\/pages\/222"}],"collection":[{"href":"https:\/\/globalplus.ec\/research\/wp-json\/wp\/v2\/pages"}],"about":[{"href":"https:\/\/globalplus.ec\/research\/wp-json\/wp\/v2\/types\/page"}],"author":[{"embeddable":true,"href":"https:\/\/globalplus.ec\/research\/wp-json\/wp\/v2\/users\/1"}],"replies":[{"embeddable":true,"href":"https:\/\/globalplus.ec\/research\/wp-json\/wp\/v2\/comments?post=222"}],"version-history":[{"count":13,"href":"https:\/\/globalplus.ec\/research\/wp-json\/wp\/v2\/pages\/222\/revisions"}],"predecessor-version":[{"id":2618,"href":"https:\/\/globalplus.ec\/research\/wp-json\/wp\/v2\/pages\/222\/revisions\/2618"}],"wp:attachment":[{"href":"https:\/\/globalplus.ec\/research\/wp-json\/wp\/v2\/media?parent=222"}],"curies":[{"name":"wp","href":"https:\/\/api.w.org\/{rel}","templated":true}]}}