{"id":2295,"date":"2019-09-24T00:51:46","date_gmt":"2019-09-24T00:51:46","guid":{"rendered":"http:\/\/globalplus.ec\/research\/?page_id=2295"},"modified":"2019-09-30T17:08:31","modified_gmt":"2019-09-30T17:08:31","slug":"quienes-somos-2","status":"publish","type":"page","link":"https:\/\/globalplus.ec\/research\/quienes-somos-2\/","title":{"rendered":"Quienes Somos"},"content":{"rendered":"\n<p style=\"text-align: justify;\">El observatorio econ\u00f3mico es una entidad creada por la Carrera de Econom\u00eda y gestionada por el Grupo de Investigaci\u00f3n GLOBAL PLUS de la UTMACH, en funci\u00f3n de un convenio suscrito entre la Superintendencia de Compa\u00f1\u00edas, Valores y Seguros (SUPERCIAS) y la Universidad T\u00e9cnica de Machala (UTMACH), con la finalidad de recopilar, sistematizar y presentar informaci\u00f3n, as\u00ed como elaborar documentos referentes a los sectores productivos y empresariales de la provincia de El Oro. Esta producci\u00f3n permitir\u00e1 presentar a los sectores antes mencionados propuestas y estrategias de desarrollo productivo y competitivo, lo cual fortalece y vuelve pertinente la carrera de Econom\u00eda que oferta la UTMACH, puesto que los estudiantes del programa ser\u00e1n encargados de colaborar en la elaboraci\u00f3n de estos estudios. La intervenci\u00f3n de la problem\u00e1tica de este proyecto se enmarca en El Buen Vivir y el Desarrollo de la Comunidad. El sector del proyecto de acuerdo a la Secretar\u00eda Nacional de Planificaci\u00f3n y Desarrollo (SENPLADES) es el Desarrollo local. Los beneficiarios directos del proyecto son todos los habitantes de la provincia de El Oro. Este proyecto considera el siguiente dominio y l\u00ednea de investigaci\u00f3n en correspondencia con lo definido por la Direcci\u00f3n de Investigaci\u00f3n de la UTMACH:<\/p>\n<p style=\"text-align: justify;\"><strong>Dominio:<\/strong> Gesti\u00f3n, empresa y productividad<br \/><strong>Linea:<\/strong> Econom\u00eda Empresa e Inclusi\u00f3n<br \/><strong>Sector:<\/strong> Desarrollo Local<\/p>\n","protected":false},"excerpt":{"rendered":"<p>El observatorio econ\u00f3mico es una entidad creada por la Carrera de Econom\u00eda y gestionada por el Grupo de Investigaci\u00f3n GLOBAL PLUS de la UTMACH, en funci\u00f3n de un convenio suscrito entre la Superintendencia de Compa\u00f1\u00edas, Valores y Seguros (SUPERCIAS) y la Universidad T\u00e9cnica de Machala (UTMACH), con la finalidad de recopilar, sistematizar y presentar informaci\u00f3n,&#8230;<\/p>\n","protected":false},"author":1,"featured_media":0,"parent":0,"menu_order":0,"comment_status":"closed","ping_status":"closed","template":"","meta":[],"_links":{"self":[{"href":"https:\/\/globalplus.ec\/research\/wp-json\/wp\/v2\/pages\/2295"}],"collection":[{"href":"https:\/\/globalplus.ec\/research\/wp-json\/wp\/v2\/pages"}],"about":[{"href":"https:\/\/globalplus.ec\/research\/wp-json\/wp\/v2\/types\/page"}],"author":[{"embeddable":true,"href":"https:\/\/globalplus.ec\/research\/wp-json\/wp\/v2\/users\/1"}],"replies":[{"embeddable":true,"href":"https:\/\/globalplus.ec\/research\/wp-json\/wp\/v2\/comments?post=2295"}],"version-history":[{"count":21,"href":"https:\/\/globalplus.ec\/research\/wp-json\/wp\/v2\/pages\/2295\/revisions"}],"predecessor-version":[{"id":2444,"href":"https:\/\/globalplus.ec\/research\/wp-json\/wp\/v2\/pages\/2295\/revisions\/2444"}],"wp:attachment":[{"href":"https:\/\/globalplus.ec\/research\/wp-json\/wp\/v2\/media?parent=2295"}],"curies":[{"name":"wp","href":"https:\/\/api.w.org\/{rel}","templated":true}]}}