{"id":2297,"date":"2019-09-24T00:53:33","date_gmt":"2019-09-24T00:53:33","guid":{"rendered":"http:\/\/globalplus.ec\/research\/?page_id=2297"},"modified":"2019-09-24T02:21:31","modified_gmt":"2019-09-24T02:21:31","slug":"objetivo","status":"publish","type":"page","link":"https:\/\/globalplus.ec\/research\/objetivo\/","title":{"rendered":"Objetivos"},"content":{"rendered":"\n<h3 style=\"text-align: justify;\"><strong>Objetivo General<\/strong><\/h3>\n<p style=\"text-align: justify;\">Sistematizar informaci\u00f3n socioecon\u00f3mica a trav\u00e9s de datos estad\u00edsticos del sector empresarial de El Oro, que permita presentar propuestas de pol\u00edticas econ\u00f3micas y estrategias que mejoren los niveles competitivos y de desarrollo productivo de las empresas de la provincia.<\/p>\n<p style=\"text-align: justify;\">\u00a0<\/p>\n<h3 style=\"text-align: justify;\"><strong>Objetivos Espec\u00edficos<\/strong><\/h3>\n<ul style=\"list-style-type: circle; text-align: justify;\">\n<li>Consolidar una infraestructura de datos estad\u00edsticos que potencien el desarrollo acad\u00e9mico empresarial.<\/li>\n<li>Elaborar documentos de an\u00e1lisis socioecon\u00f3mico como recurso estrat\u00e9gico para la toma de decisiones de pol\u00edticas p\u00fablicas de promoci\u00f3n econ\u00f3mica y desarrollo local que permitan fortalecer el desarrollo productivo de la provincia.<\/li>\n<li>Impulsar la participaci\u00f3n entre la academia y el sector empresarial a trav\u00e9s del desarrollo de acciones conjuntas que permitan favorecer a la toma de decisiones de los agentes econ\u00f3micos y sociales de la provincia.<\/li>\n<\/ul>\n<p style=\"text-align: justify;\">\u00a0<\/p>\n","protected":false},"excerpt":{"rendered":"<p>Objetivo General Sistematizar informaci\u00f3n socioecon\u00f3mica a trav\u00e9s de datos estad\u00edsticos del sector empresarial de El Oro, que permita presentar propuestas de pol\u00edticas econ\u00f3micas y estrategias que mejoren los niveles competitivos y de desarrollo productivo de las empresas de la provincia. \u00a0 Objetivos Espec\u00edficos Consolidar una infraestructura de datos estad\u00edsticos que potencien el desarrollo acad\u00e9mico empresarial&#8230;.<\/p>\n","protected":false},"author":1,"featured_media":0,"parent":0,"menu_order":0,"comment_status":"closed","ping_status":"closed","template":"","meta":[],"_links":{"self":[{"href":"https:\/\/globalplus.ec\/research\/wp-json\/wp\/v2\/pages\/2297"}],"collection":[{"href":"https:\/\/globalplus.ec\/research\/wp-json\/wp\/v2\/pages"}],"about":[{"href":"https:\/\/globalplus.ec\/research\/wp-json\/wp\/v2\/types\/page"}],"author":[{"embeddable":true,"href":"https:\/\/globalplus.ec\/research\/wp-json\/wp\/v2\/users\/1"}],"replies":[{"embeddable":true,"href":"https:\/\/globalplus.ec\/research\/wp-json\/wp\/v2\/comments?post=2297"}],"version-history":[{"count":6,"href":"https:\/\/globalplus.ec\/research\/wp-json\/wp\/v2\/pages\/2297\/revisions"}],"predecessor-version":[{"id":2326,"href":"https:\/\/globalplus.ec\/research\/wp-json\/wp\/v2\/pages\/2297\/revisions\/2326"}],"wp:attachment":[{"href":"https:\/\/globalplus.ec\/research\/wp-json\/wp\/v2\/media?parent=2297"}],"curies":[{"name":"wp","href":"https:\/\/api.w.org\/{rel}","templated":true}]}}