{"id":2303,"date":"2019-09-24T01:00:26","date_gmt":"2019-09-24T01:00:26","guid":{"rendered":"http:\/\/globalplus.ec\/research\/?page_id=2303"},"modified":"2019-10-01T02:08:58","modified_gmt":"2019-10-01T02:08:58","slug":"datos-estadisticos","status":"publish","type":"page","link":"https:\/\/globalplus.ec\/research\/datos-estadisticos\/","title":{"rendered":"Datos Estad\u00edsticos"},"content":{"rendered":"\t\t<div data-elementor-type=\"wp-post\" data-elementor-id=\"2303\" class=\"elementor elementor-2303\">\n\t\t\t\t\t\t<div class=\"elementor-inner\">\n\t\t\t\t<div class=\"elementor-section-wrap\">\n\t\t\t\t\t\t\t\t\t<section class=\"elementor-section elementor-top-section elementor-element elementor-element-4e083adb elementor-section-boxed elementor-section-height-default elementor-section-height-default\" data-id=\"4e083adb\" data-element_type=\"section\">\n\t\t\t\t\t\t<div class=\"elementor-container elementor-column-gap-default\">\n\t\t\t\t\t\t\t<div class=\"elementor-row\">\n\t\t\t\t\t<div class=\"elementor-column elementor-col-100 elementor-top-column elementor-element elementor-element-16197218\" data-id=\"16197218\" data-element_type=\"column\">\n\t\t\t<div class=\"elementor-column-wrap elementor-element-populated\">\n\t\t\t\t\t\t\t<div class=\"elementor-widget-wrap\">\n\t\t\t\t\t\t<div class=\"elementor-element elementor-element-1dab231e elementor-widget elementor-widget-text-editor\" data-id=\"1dab231e\" data-element_type=\"widget\" data-widget_type=\"text-editor.default\">\n\t\t\t\t<div class=\"elementor-widget-container\">\n\t\t\t\t\t\t\t\t<div class=\"elementor-text-editor elementor-clearfix\">\n\t\t\t\t<p><span style=\"font-size: 14pt;\"><strong>Datos Estad\u00edsticos de la Provincia de El Oro<\/strong><\/span><\/p>\t\t\t\t\t<\/div>\n\t\t\t\t\t\t<\/div>\n\t\t\t\t<\/div>\n\t\t\t\t<div class=\"elementor-element elementor-element-31ddcff elementor-tabs-view-horizontal elementor-widget elementor-widget-tabs\" data-id=\"31ddcff\" data-element_type=\"widget\" data-widget_type=\"tabs.default\">\n\t\t\t\t<div class=\"elementor-widget-container\">\n\t\t\t\t\t<div class=\"elementor-tabs\">\n\t\t\t<div class=\"elementor-tabs-wrapper\" role=\"tablist\" >\n\t\t\t\t\t\t\t\t\t<div id=\"elementor-tab-title-5221\" class=\"elementor-tab-title elementor-tab-desktop-title\" aria-selected=\"true\" data-tab=\"1\" role=\"tab\" tabindex=\"0\" aria-controls=\"elementor-tab-content-5221\" aria-expanded=\"false\"><a href=\"\">Empresas<\/a><\/div>\n\t\t\t\t\t\t\t\t\t<div id=\"elementor-tab-title-5222\" class=\"elementor-tab-title elementor-tab-desktop-title\" aria-selected=\"false\" data-tab=\"2\" role=\"tab\" tabindex=\"-1\" aria-controls=\"elementor-tab-content-5222\" aria-expanded=\"false\"><a href=\"\">Recaudaci\u00f3n Fiscal<\/a><\/div>\n\t\t\t\t\t\t\t<\/div>\n\t\t\t<div class=\"elementor-tabs-content-wrapper\" role=\"tablist\" aria-orientation=\"vertical\">\n\t\t\t\t\t\t\t\t\t<div class=\"elementor-tab-title elementor-tab-mobile-title\" aria-selected=\"true\" data-tab=\"1\" role=\"tab\" tabindex=\"0\" aria-controls=\"elementor-tab-content-5221\" aria-expanded=\"false\">Empresas<\/div>\n\t\t\t\t\t<div id=\"elementor-tab-content-5221\" class=\"elementor-tab-content elementor-clearfix\" data-tab=\"1\" role=\"tabpanel\" aria-labelledby=\"elementor-tab-title-5221\" tabindex=\"0\" hidden=\"false\"><p><div class=\"omsc-toggle\"><div class=\"omsc-toggle-title\">CLASIFICACI\u00d3N DE COMPA\u00d1\u00cdAS<\/div><div class=\"omsc-toggle-inner\"><\/p><p><div class=\"omsc-tabs\"><ul class=\"omsc-tabs-control omsc-clearfix\"><li><a href=\"#tab-datos-de-companias-por-provincia\"><span><strong>Datos de compa\u00f1\u00edas por provincia<\/strong><\/span><\/a><\/li><li><a href=\"#tab-estadisticas\"><span><strong>Estad\u00edsticas<\/strong><\/span><\/a><\/li><\/ul><div class=\"omsc-tabs-tabs\"><br \/><div class=\"omsc-tabs-tab omsc-tab-datos-de-companias-por-provincia\"><\/p><p>\n<table id=\"tablepress-120\" class=\"tablepress tablepress-id-120\">\n<thead>\n<tr class=\"row-1 odd\">\n\t<th class=\"column-1\">Provincia<\/th>\n<\/tr>\n<\/thead>\n<tbody class=\"row-hover\">\n<tr class=\"row-2 even\">\n\t<td class=\"column-1\"><img src=\"https:\/\/globalplus.ec\/research\/wp-content\/uploads\/2019\/09\/excel.png\"><a href=\"http:\/\/globalplus.ec\/datosestadisticos\/CLASIFICACION_DE_LAS_COMPANIAS\/DATOS_DE_COMPANIAS_POR_PROVINCIA_(Agosto 2019)\/PICHICNHCA.xlsx\">PICHINCHA<\/a><\/td>\n<\/tr>\n<tr class=\"row-3 odd\">\n\t<td class=\"column-1\"><img src=\"https:\/\/globalplus.ec\/research\/wp-content\/uploads\/2019\/09\/excel.png\"><a href=\"http:\/\/globalplus.ec\/datosestadisticos\/CLASIFICACION_DE_LAS_COMPANIAS\/DATOS_DE_COMPANIAS_POR_PROVINCIA_(Agosto 2019)\/ZAMORA.xlsx\">ZAMORA<\/a><\/td>\n<\/tr>\n<tr class=\"row-4 even\">\n\t<td class=\"column-1\"><img src=\"https:\/\/globalplus.ec\/research\/wp-content\/uploads\/2019\/09\/excel.png\"><a href=\"http:\/\/globalplus.ec\/datosestadisticos\/CLASIFICACION_DE_LAS_COMPANIAS\/DATOS_DE_COMPANIAS_POR_PROVINCIA_(Agosto 2019)\/TUNGURAHUA.xlsx\">TUNGURAHUA<\/a><\/td>\n<\/tr>\n<tr class=\"row-5 odd\">\n\t<td class=\"column-1\"><img src=\"https:\/\/globalplus.ec\/research\/wp-content\/uploads\/2019\/09\/excel.png\"><a href=\"http:\/\/globalplus.ec\/datosestadisticos\/CLASIFICACION_DE_LAS_COMPANIAS\/DATOS_DE_COMPANIAS_POR_PROVINCIA_(Agosto 2019)\/SUCUMBIO.xlsx\">SUCUMBIO<\/a><\/td>\n<\/tr>\n<tr class=\"row-6 even\">\n\t<td class=\"column-1\"><img src=\"https:\/\/globalplus.ec\/research\/wp-content\/uploads\/2019\/09\/excel.png\"><a href=\"http:\/\/globalplus.ec\/datosestadisticos\/CLASIFICACION_DE_LAS_COMPANIAS\/DATOS_DE_COMPANIAS_POR_PROVINCIA_(Agosto 2019)\/SANTO DOMINGO.xlsx\">SANTO DOMINGO<\/a><\/td>\n<\/tr>\n<tr class=\"row-7 odd\">\n\t<td class=\"column-1\"><img src=\"https:\/\/globalplus.ec\/research\/wp-content\/uploads\/2019\/09\/excel.png\"><a href=\"http:\/\/globalplus.ec\/datosestadisticos\/CLASIFICACION_DE_LAS_COMPANIAS\/DATOS_DE_COMPANIAS_POR_PROVINCIA_(Agosto 2019)\/SANTA ELENA.xlsx\">SANTA ELENA<\/a><\/td>\n<\/tr>\n<tr class=\"row-8 even\">\n\t<td class=\"column-1\"><img src=\"https:\/\/globalplus.ec\/research\/wp-content\/uploads\/2019\/09\/excel.png\"><a href=\"http:\/\/globalplus.ec\/datosestadisticos\/CLASIFICACION_DE_LAS_COMPANIAS\/DATOS_DE_COMPANIAS_POR_PROVINCIA_(Agosto 2019)\/GUAYAS.xlsx\">GUAYAS<\/a><\/td>\n<\/tr>\n<tr class=\"row-9 odd\">\n\t<td class=\"column-1\"><img src=\"https:\/\/globalplus.ec\/research\/wp-content\/uploads\/2019\/09\/excel.png\"><a href=\"http:\/\/globalplus.ec\/datosestadisticos\/CLASIFICACION_DE_LAS_COMPANIAS\/DATOS_DE_COMPANIAS_POR_PROVINCIA_(Agosto 2019)\/PASTAZA.xlsx\">PASTAZA<\/a><\/td>\n<\/tr>\n<tr class=\"row-10 even\">\n\t<td class=\"column-1\"><img src=\"https:\/\/globalplus.ec\/research\/wp-content\/uploads\/2019\/09\/excel.png\"><a href=\"http:\/\/globalplus.ec\/datosestadisticos\/CLASIFICACION_DE_LAS_COMPANIAS\/DATOS_DE_COMPANIAS_POR_PROVINCIA_(Agosto 2019)\/ORELLANA.xlsx\">ORELLANA<\/a><\/td>\n<\/tr>\n<tr class=\"row-11 odd\">\n\t<td class=\"column-1\"><img src=\"https:\/\/globalplus.ec\/research\/wp-content\/uploads\/2019\/09\/excel.png\"><a href=\"http:\/\/globalplus.ec\/datosestadisticos\/CLASIFICACION_DE_LAS_COMPANIAS\/DATOS_DE_COMPANIAS_POR_PROVINCIA_(Agosto 2019)\/NAPO.xlsx\">NAPO<\/a><\/td>\n<\/tr>\n<tr class=\"row-12 even\">\n\t<td class=\"column-1\"><img src=\"https:\/\/globalplus.ec\/research\/wp-content\/uploads\/2019\/09\/excel.png\"><a href=\"http:\/\/globalplus.ec\/datosestadisticos\/CLASIFICACION_DE_LAS_COMPANIAS\/DATOS_DE_COMPANIAS_POR_PROVINCIA_(Agosto 2019)\/MORONA.xlsx\">MORONA<\/a><\/td>\n<\/tr>\n<tr class=\"row-13 odd\">\n\t<td class=\"column-1\"><img src=\"https:\/\/globalplus.ec\/research\/wp-content\/uploads\/2019\/09\/excel.png\"><a href=\"http:\/\/globalplus.ec\/datosestadisticos\/CLASIFICACION_DE_LAS_COMPANIAS\/DATOS_DE_COMPANIAS_POR_PROVINCIA_(Agosto 2019)\/MANABI.xlsx\">MANABI<\/a><\/td>\n<\/tr>\n<tr class=\"row-14 even\">\n\t<td class=\"column-1\"><img src=\"https:\/\/globalplus.ec\/research\/wp-content\/uploads\/2019\/09\/excel.png\"><a href=\"http:\/\/globalplus.ec\/datosestadisticos\/CLASIFICACION_DE_LAS_COMPANIAS\/DATOS_DE_COMPANIAS_POR_PROVINCIA_(Agosto 2019)\/LOS RIOS.xlsx\">LOS RIOS<\/a><\/td>\n<\/tr>\n<tr class=\"row-15 odd\">\n\t<td class=\"column-1\"><img src=\"https:\/\/globalplus.ec\/research\/wp-content\/uploads\/2019\/09\/excel.png\"><a href=\"http:\/\/globalplus.ec\/datosestadisticos\/CLASIFICACION_DE_LAS_COMPANIAS\/DATOS_DE_COMPANIAS_POR_PROVINCIA_(Agosto 2019)\/LOJA.xlsx\">LOJA<\/a><\/td>\n<\/tr>\n<tr class=\"row-16 even\">\n\t<td class=\"column-1\"><img src=\"https:\/\/globalplus.ec\/research\/wp-content\/uploads\/2019\/09\/excel.png\"><a href=\"http:\/\/globalplus.ec\/datosestadisticos\/CLASIFICACION_DE_LAS_COMPANIAS\/DATOS_DE_COMPANIAS_POR_PROVINCIA_(Agosto 2019)\/IMBABURA.xlsx\">IMBABURA<\/a><\/td>\n<\/tr>\n<tr class=\"row-17 odd\">\n\t<td class=\"column-1\"><img src=\"https:\/\/globalplus.ec\/research\/wp-content\/uploads\/2019\/09\/excel.png\"><a href=\"http:\/\/globalplus.ec\/datosestadisticos\/CLASIFICACION_DE_LAS_COMPANIAS\/DATOS_DE_COMPANIAS_POR_PROVINCIA_(Agosto 2019)\/GALAPAGOS.xlsx\">GALAPAGOS<\/a><\/td>\n<\/tr>\n<tr class=\"row-18 even\">\n\t<td class=\"column-1\"><img src=\"https:\/\/globalplus.ec\/research\/wp-content\/uploads\/2019\/09\/excel.png\"><a href=\"http:\/\/globalplus.ec\/datosestadisticos\/CLASIFICACION_DE_LAS_COMPANIAS\/DATOS_DE_COMPANIAS_POR_PROVINCIA_(Agosto 2019)\/ESMERALDAS.xlsx\">ESMERALDAS<\/a><\/td>\n<\/tr>\n<tr class=\"row-19 odd\">\n\t<td class=\"column-1\"><img src=\"https:\/\/globalplus.ec\/research\/wp-content\/uploads\/2019\/09\/excel.png\"><a href=\"http:\/\/globalplus.ec\/datosestadisticos\/CLASIFICACION_DE_LAS_COMPANIAS\/DATOS_DE_COMPANIAS_POR_PROVINCIA_(Agosto 2019)\/EL ORO.xlsx\">EL ORO<\/a><\/td>\n<\/tr>\n<tr class=\"row-20 even\">\n\t<td class=\"column-1\"><img src=\"https:\/\/globalplus.ec\/research\/wp-content\/uploads\/2019\/09\/excel.png\"><a href=\"http:\/\/globalplus.ec\/datosestadisticos\/CLASIFICACION_DE_LAS_COMPANIAS\/DATOS_DE_COMPANIAS_POR_PROVINCIA_(Agosto 2019)\/COTOPAXI.xlsx\">COTOPAXI<\/a> <\/td>\n<\/tr>\n<tr class=\"row-21 odd\">\n\t<td class=\"column-1\"><img src=\"https:\/\/globalplus.ec\/research\/wp-content\/uploads\/2019\/09\/excel.png\"><a href=\"http:\/\/globalplus.ec\/datosestadisticos\/CLASIFICACION_DE_LAS_COMPANIAS\/DATOS_DE_COMPANIAS_POR_PROVINCIA_(Agosto 2019)\/CHIMBORAZO.xlsx\">CHIMBORAZO<\/a><\/td>\n<\/tr>\n<tr class=\"row-22 even\">\n\t<td class=\"column-1\"><img src=\"https:\/\/globalplus.ec\/research\/wp-content\/uploads\/2019\/09\/excel.png\"><a href=\"http:\/\/globalplus.ec\/datosestadisticos\/CLASIFICACION_DE_LAS_COMPANIAS\/DATOS_DE_COMPANIAS_POR_PROVINCIA_(Agosto 2019)\/CA\u00d1AR.xlsx\">CA\u00d1AR<\/a><\/td>\n<\/tr>\n<tr class=\"row-23 odd\">\n\t<td class=\"column-1\"><img src=\"https:\/\/globalplus.ec\/research\/wp-content\/uploads\/2019\/09\/excel.png\"><a href=\"http:\/\/globalplus.ec\/datosestadisticos\/CLASIFICACION_DE_LAS_COMPANIAS\/DATOS_DE_COMPANIAS_POR_PROVINCIA_(Agosto 2019)\/CARCHI.xlsx\">CARCHI<\/a><\/td>\n<\/tr>\n<tr class=\"row-24 even\">\n\t<td class=\"column-1\"><img src=\"https:\/\/globalplus.ec\/research\/wp-content\/uploads\/2019\/09\/excel.png\"><a href=\"http:\/\/globalplus.ec\/datosestadisticos\/CLASIFICACION_DE_LAS_COMPANIAS\/DATOS_DE_COMPANIAS_POR_PROVINCIA_(Agosto 2019)\/BOLIVAR.xlsx\">BOLIVAR<\/a><\/td>\n<\/tr>\n<tr class=\"row-25 odd\">\n\t<td class=\"column-1\"><\/td>\n<\/tr>\n<\/tbody>\n<\/table>\n<!-- #tablepress-120 from cache --><\/p><p><\/div><br \/><div class=\"omsc-tabs-tab omsc-tab-estadisticas\"><\/p><p><img loading=\"lazy\" class=\"alignnone size-full wp-image-2449\" src=\"https:\/\/globalplus.ec\/research\/wp-content\/uploads\/2019\/09\/excel.png\" alt=\"\" width=\"24\" height=\"24\" \/><strong><a href=\"http:\/\/globalplus.ec\/datosestadisticos\/CLASIFICACION_DE_LAS_COMPANIAS\/NUMERO DE COMPA\u00d1IAS POR PROVINCIA (Agosto 2019).xlsx\" target=\"_blank\" rel=\"noopener\" data-wplink-url-error=\"true\">NUMERO DE COMPA\u00d1\u00cdAS POR PROVINCIA (Agosto 2019)<\/a><\/strong><\/p><p><a href=\"http:\/\/globalplus.ec\/datosestadisticos\/CLASIFICACION_DE_LAS_COMPANIAS\/N\u00daMERO POR TIPO DE COMPA\u00d1IAS POR CANTON (Agosto 2019).xlsx\" target=\"_blank\" rel=\"noopener\" data-wplink-url-error=\"true\"><img loading=\"lazy\" class=\"alignnone size-full wp-image-2449\" src=\"https:\/\/globalplus.ec\/research\/wp-content\/uploads\/2019\/09\/excel.png\" alt=\"\" width=\"24\" height=\"24\" \/><strong>N\u00daMERO POR TIPO DE COMPA\u00d1\u00cdAS POR CANT\u00d3N (Agosto 2019)<\/strong><\/a><\/p><p><a href=\"http:\/\/globalplus.ec\/datosestadisticos\/CLASIFICACION_DE_LAS_COMPANIAS\/N\u00daMERO POR TIPO DE COMPA\u00d1IAS POR PROVINCIA (Agosto 2019).xlsx\" target=\"_blank\" rel=\"noopener\" data-wplink-url-error=\"true\"><img loading=\"lazy\" class=\"alignnone size-full wp-image-2449\" src=\"https:\/\/globalplus.ec\/research\/wp-content\/uploads\/2019\/09\/excel.png\" alt=\"\" width=\"24\" height=\"24\" \/><strong>N\u00daMERO POR TIPO DE COMPA\u00d1\u00cdAS POR PROVINCIA (Agosto 2019)<\/strong><\/a><\/p><p><\/div><br \/><\/div><div class=\"omsc-clear\"><\/div><\/div><\/p><p><\/div><\/div><\/p><p><div class=\"omsc-toggle\"><div class=\"omsc-toggle-title\">COMPA\u00d1\u00cdAS DE LA PROVINCIA DE EL ORO SEG\u00daN ESTADO LEGAL<\/div><div class=\"omsc-toggle-inner\"><\/p><p><img loading=\"lazy\" class=\"alignnone size-full wp-image-2449\" src=\"https:\/\/globalplus.ec\/research\/wp-content\/uploads\/2019\/09\/excel.png\" alt=\"\" width=\"24\" height=\"24\" \/><a href=\"http:\/\/globalplus.ec\/datosestadisticos\/COMPANIAS _DE_LA_PROVINCIA_DE_EL_ORO_SEGUN_ESTADO_LEGAL\/INACTIVA (Agosto 2019).xlsx\" target=\"_blank\" rel=\"noopener\" data-wplink-url-error=\"true\">INACTIVA (Agosto 2019)<\/a><\/p><p><img loading=\"lazy\" class=\"alignnone size-full wp-image-2449\" src=\"https:\/\/globalplus.ec\/research\/wp-content\/uploads\/2019\/09\/excel.png\" alt=\"\" width=\"24\" height=\"24\" \/><a href=\"http:\/\/globalplus.ec\/datosestadisticos\/COMPANIAS _DE_LA_PROVINCIA_DE_EL_ORO_SEGUN_ESTADO_LEGAL\/ACTIVA (Agosto 2019).xlsx\" target=\"_blank\" rel=\"noopener\" data-wplink-url-error=\"true\">ACTIVA (Agosto 2019)<\/a><\/p><p><a href=\"http:\/\/globalplus.ec\/datosestadisticos\/COMPANIAS _DE_LA_PROVINCIA_DE_EL_ORO_SEGUN_ESTADO_LEGAL\/BAJO CONTROL SUP BANCOS (Agosto 2019).xlsx\" target=\"_blank\" rel=\"noopener\" data-wplink-url-error=\"true\"><img loading=\"lazy\" class=\"alignnone size-full wp-image-2449\" src=\"https:\/\/globalplus.ec\/research\/wp-content\/uploads\/2019\/09\/excel.png\" alt=\"\" width=\"24\" height=\"24\" \/>BAJO CONTROL SUP BANCOS (Agosto 2019)<\/a><\/p><p><\/div><\/div><\/p><p><div class=\"omsc-toggle\"><div class=\"omsc-toggle-title\">DIRECTORIO COMPA\u00d1\u00cdAS<\/div><div class=\"omsc-toggle-inner\"><\/p><p><img loading=\"lazy\" class=\"alignnone size-full wp-image-2449\" src=\"https:\/\/globalplus.ec\/research\/wp-content\/uploads\/2019\/09\/excel.png\" alt=\"\" width=\"24\" height=\"24\" \/><a href=\"http:\/\/globalplus.ec\/datosestadisticos\/DIRECTORIO_COMPANIAS\/DIRECTORIO DE COMPA\u00d1IAS DE ECUADOR (Agosto 2019).xlsx\" target=\"_blank\" rel=\"noopener\" data-wplink-url-error=\"true\">DIRECTORIO DE COMPA\u00d1\u00cdAS DE ECUADOR (Agosto 2019)<\/a><\/p><p><img loading=\"lazy\" class=\"alignnone size-full wp-image-2449\" src=\"https:\/\/globalplus.ec\/research\/wp-content\/uploads\/2019\/09\/excel.png\" alt=\"\" width=\"24\" height=\"24\" \/><a href=\"http:\/\/globalplus.ec\/datosestadisticos\/DIRECTORIO_COMPANIAS\/DIRECTORIO DE COMPA\u00d1IAS DE LA PROVINCIA DE EL ORO (Agosto 2019).xlsx\" target=\"_blank\" rel=\"noopener\" data-wplink-url-error=\"true\">DIRECTORIO DE COMPA\u00d1\u00cdAS DE LA PROVINCIA DE EL ORO (Agosto 2019)<\/a><\/p><p><\/div><\/div><\/p><p><div class=\"omsc-toggle\"><div class=\"omsc-toggle-title\">RANKING DE COMPA\u00d1\u00cdAS DE LA PROVINCIA DE EL ORO<\/div><div class=\"omsc-toggle-inner\"><\/p><p><div class=\"omsc-tabs\"><ul class=\"omsc-tabs-control omsc-clearfix\"><li><a href=\"#tab-ranking-2018-agosto-2019\"><span><strong>Ranking 2018 (Agosto 2019)<\/strong><\/span><\/a><\/li><\/ul><div class=\"omsc-tabs-tabs\"><\/p><p><div class=\"omsc-tabs-tab omsc-tab-ranking-2018-agosto-2019\"><\/p><p>\n<table id=\"tablepress-121\" class=\"tablepress tablepress-id-121\">\n<tbody class=\"row-hover\">\n<tr class=\"row-1 odd\">\n\t<td class=\"column-1\"><img src=\"https:\/\/globalplus.ec\/research\/wp-content\/uploads\/2019\/09\/excel.png\"><a href=\"http:\/\/globalplus.ec\/datosestadisticos\/RANKING_DE_COMPANIAS_DE_LA_PROVINCIA_DE_EL_ORO\/RANKING_2018_(Agosto_2019)\/RANKING SEG\u00daN UTILIDAD.xlsx\">RANKING SEG\u00daN UTILIDAD<\/a><\/td>\n<\/tr>\n<tr class=\"row-2 even\">\n\t<td class=\"column-1\"><img src=\"https:\/\/globalplus.ec\/research\/wp-content\/uploads\/2019\/09\/excel.png\"><a href=\"http:\/\/globalplus.ec\/datosestadisticos\/RANKING_DE_COMPANIAS_DE_LA_PROVINCIA_DE_EL_ORO\/RANKING_2018_(Agosto_2019)\/RANKING SEG\u00daN PATRIMONIO.xlsx\">RANKING SEG\u00daN PATRIMONIO<\/a><\/td>\n<\/tr>\n<tr class=\"row-3 odd\">\n\t<td class=\"column-1\"><img src=\"https:\/\/globalplus.ec\/research\/wp-content\/uploads\/2019\/09\/excel.png\"><a href=\"http:\/\/globalplus.ec\/datosestadisticos\/RANKING_DE_COMPANIAS_DE_LA_PROVINCIA_DE_EL_ORO\/RANKING_2018_(Agosto_2019)\/RANKING SEG\u00daN ACTIVOS.xlsx\">RANKING SEG\u00daN ACTIVOS<\/a><\/td>\n<\/tr>\n<tr class=\"row-4 even\">\n\t<td class=\"column-1\"><img src=\"https:\/\/globalplus.ec\/research\/wp-content\/uploads\/2019\/09\/excel.png\"><a href=\"http:\/\/globalplus.ec\/datosestadisticos\/RANKING_DE_COMPANIAS_DE_LA_PROVINCIA_DE_EL_ORO\/RANKING_2018_(Agosto_2019)\/RANKING SEG\u00daN INGRESO.xlsx\">RANKING SEG\u00daN INGRESO<\/a><\/td>\n<\/tr>\n<\/tbody>\n<\/table>\n<!-- #tablepress-121 from cache --><\/p><p><\/div><\/p><p><\/div><div class=\"omsc-clear\"><\/div><\/div><\/p><p><\/div><\/div><\/p><\/div>\n\t\t\t\t\t\t\t\t\t<div class=\"elementor-tab-title elementor-tab-mobile-title\" aria-selected=\"false\" data-tab=\"2\" role=\"tab\" tabindex=\"-1\" aria-controls=\"elementor-tab-content-5222\" aria-expanded=\"false\">Recaudaci\u00f3n Fiscal<\/div>\n\t\t\t\t\t<div id=\"elementor-tab-content-5222\" class=\"elementor-tab-content elementor-clearfix\" data-tab=\"2\" role=\"tabpanel\" aria-labelledby=\"elementor-tab-title-5222\" tabindex=\"0\" hidden=\"hidden\"><\/div>\n\t\t\t\t\t\t\t<\/div>\n\t\t<\/div>\n\t\t\t\t<\/div>\n\t\t\t\t<\/div>\n\t\t\t\t\t\t<\/div>\n\t\t\t\t\t<\/div>\n\t\t<\/div>\n\t\t\t\t\t\t\t\t<\/div>\n\t\t\t\t\t<\/div>\n\t\t<\/section>\n\t\t\t\t\t\t\t\t\t<\/div>\n\t\t\t<\/div>\n\t\t\t\t\t<\/div>\n\t\t","protected":false},"excerpt":{"rendered":"<p>Datos Estad\u00edsticos de la Provincia de El Oro Empresas Recaudaci\u00f3n Fiscal Empresas CLASIFICACI\u00d3N DE COMPA\u00d1\u00cdAS Datos de compa\u00f1\u00edas por provincia Estad\u00edsticas NUMERO DE COMPA\u00d1\u00cdAS POR PROVINCIA (Agosto 2019) N\u00daMERO POR TIPO DE COMPA\u00d1\u00cdAS POR CANT\u00d3N (Agosto 2019) N\u00daMERO POR TIPO DE COMPA\u00d1\u00cdAS POR PROVINCIA (Agosto 2019) COMPA\u00d1\u00cdAS DE LA PROVINCIA DE EL ORO SEG\u00daN ESTADO&#8230;<\/p>\n","protected":false},"author":1,"featured_media":0,"parent":0,"menu_order":0,"comment_status":"closed","ping_status":"closed","template":"","meta":[],"_links":{"self":[{"href":"https:\/\/globalplus.ec\/research\/wp-json\/wp\/v2\/pages\/2303"}],"collection":[{"href":"https:\/\/globalplus.ec\/research\/wp-json\/wp\/v2\/pages"}],"about":[{"href":"https:\/\/globalplus.ec\/research\/wp-json\/wp\/v2\/types\/page"}],"author":[{"embeddable":true,"href":"https:\/\/globalplus.ec\/research\/wp-json\/wp\/v2\/users\/1"}],"replies":[{"embeddable":true,"href":"https:\/\/globalplus.ec\/research\/wp-json\/wp\/v2\/comments?post=2303"}],"version-history":[{"count":49,"href":"https:\/\/globalplus.ec\/research\/wp-json\/wp\/v2\/pages\/2303\/revisions"}],"predecessor-version":[{"id":2521,"href":"https:\/\/globalplus.ec\/research\/wp-json\/wp\/v2\/pages\/2303\/revisions\/2521"}],"wp:attachment":[{"href":"https:\/\/globalplus.ec\/research\/wp-json\/wp\/v2\/media?parent=2303"}],"curies":[{"name":"wp","href":"https:\/\/api.w.org\/{rel}","templated":true}]}}