{"id":2307,"date":"2019-09-24T01:03:46","date_gmt":"2019-09-24T01:03:46","guid":{"rendered":"http:\/\/globalplus.ec\/research\/?page_id=2307"},"modified":"2019-09-24T13:42:16","modified_gmt":"2019-09-24T13:42:16","slug":"equipo-de-trabajo","status":"publish","type":"page","link":"https:\/\/globalplus.ec\/research\/equipo-de-trabajo\/","title":{"rendered":"Equipo de Trabajo"},"content":{"rendered":"\t\t<div data-elementor-type=\"wp-post\" data-elementor-id=\"2307\" class=\"elementor elementor-2307\">\n\t\t\t\t\t\t<div class=\"elementor-inner\">\n\t\t\t\t<div class=\"elementor-section-wrap\">\n\t\t\t\t\t\t\t\t\t<section class=\"elementor-section elementor-top-section elementor-element elementor-element-72bf50b elementor-section-boxed elementor-section-height-default elementor-section-height-default\" data-id=\"72bf50b\" data-element_type=\"section\">\n\t\t\t\t\t\t<div class=\"elementor-container elementor-column-gap-default\">\n\t\t\t\t\t\t\t<div class=\"elementor-row\">\n\t\t\t\t\t<div class=\"elementor-column elementor-col-100 elementor-top-column elementor-element elementor-element-2befcf1\" data-id=\"2befcf1\" data-element_type=\"column\">\n\t\t\t<div class=\"elementor-column-wrap\">\n\t\t\t\t\t\t\t<div class=\"elementor-widget-wrap\">\n\t\t\t\t\t\t\t\t<\/div>\n\t\t\t\t\t<\/div>\n\t\t<\/div>\n\t\t\t\t\t\t\t\t<\/div>\n\t\t\t\t\t<\/div>\n\t\t<\/section>\n\t\t\t\t<section class=\"elementor-section elementor-top-section elementor-element elementor-element-a0d4e85 elementor-section-boxed elementor-section-height-default elementor-section-height-default\" data-id=\"a0d4e85\" data-element_type=\"section\">\n\t\t\t\t\t\t<div class=\"elementor-container elementor-column-gap-default\">\n\t\t\t\t\t\t\t<div class=\"elementor-row\">\n\t\t\t\t\t<div class=\"elementor-column elementor-col-100 elementor-top-column elementor-element elementor-element-ef27da9\" data-id=\"ef27da9\" data-element_type=\"column\">\n\t\t\t<div class=\"elementor-column-wrap elementor-element-populated\">\n\t\t\t\t\t\t\t<div class=\"elementor-widget-wrap\">\n\t\t\t\t\t\t<div class=\"elementor-element elementor-element-d4536d1 elementor-widget elementor-widget-shortcode\" data-id=\"d4536d1\" data-element_type=\"widget\" data-widget_type=\"shortcode.default\">\n\t\t\t\t<div class=\"elementor-widget-container\">\n\t\t\t\t\t<div class=\"elementor-shortcode\"><div class=\"tmm tmm_equipo-observatorio\"><div class=\"tmm_3_columns tmm_wrap tmm_theme_f\"><span class=\"tmm_two_containers_tablet\"><\/span><div class=\"tmm_container\"><div class=\"tmm_member\" style=\"border-top:#1e73be solid 5px;\"><a target=\"_blank\" href=\"https:\/\/globalplus.ec\/research\/nervo-jonpiere-apolo-vivanco\/\" title=\"Nervo Jonpiere <br>Apolo Vivanco\"><div class=\"tmm_photo tmm_pic_equipo-observatorio_0\" style=\"background: url(https:\/\/globalplus.ec\/research\/wp-content\/uploads\/2018\/12\/APOLO.gif); margin-left: auto; margin-right:auto; background-size:cover !important;\"><\/div><\/a><div class=\"tmm_textblock\"><div class=\"tmm_names\"><span class=\"tmm_fname\">Nervo Jonpiere<\/span> <span class=\"tmm_lname\"><br>Apolo Vivanco<\/span><\/div><div class=\"tmm_job\"><b>Coordinador<\/b><\/div><div class=\"tmm_scblock\"><\/div><\/div><\/div><div style=\"clear:both;\"><\/div><\/div><\/div><\/div><\/div>\n\t\t\t\t<\/div>\n\t\t\t\t<\/div>\n\t\t\t\t<div class=\"elementor-element elementor-element-497a6a0 elementor-tabs-view-horizontal elementor-widget elementor-widget-tabs\" data-id=\"497a6a0\" data-element_type=\"widget\" data-widget_type=\"tabs.default\">\n\t\t\t\t<div class=\"elementor-widget-container\">\n\t\t\t\t\t<div class=\"elementor-tabs\">\n\t\t\t<div class=\"elementor-tabs-wrapper\" role=\"tablist\" >\n\t\t\t\t\t\t\t\t\t<div id=\"elementor-tab-title-7701\" class=\"elementor-tab-title elementor-tab-desktop-title\" aria-selected=\"true\" data-tab=\"1\" role=\"tab\" tabindex=\"0\" aria-controls=\"elementor-tab-content-7701\" aria-expanded=\"false\"><a href=\"\">2019<\/a><\/div>\n\t\t\t\t\t\t\t<\/div>\n\t\t\t<div class=\"elementor-tabs-content-wrapper\" role=\"tablist\" aria-orientation=\"vertical\">\n\t\t\t\t\t\t\t\t\t<div class=\"elementor-tab-title elementor-tab-mobile-title\" aria-selected=\"true\" data-tab=\"1\" role=\"tab\" tabindex=\"0\" aria-controls=\"elementor-tab-content-7701\" aria-expanded=\"false\">2019<\/div>\n\t\t\t\t\t<div id=\"elementor-tab-content-7701\" class=\"elementor-tab-content elementor-clearfix\" data-tab=\"1\" role=\"tabpanel\" aria-labelledby=\"elementor-tab-title-7701\" tabindex=\"0\" hidden=\"false\"><p><strong>Mayo &#8211; Septiembre 2019<\/strong><\/p><ul style=\"list-style-type: circle;\"><li><p>Aguilar Robles Maria Jose<\/p><\/li><li><p>Arias Mogrovejo Paul Emanuel<\/p><\/li><li><p>Flores Loja Alex Javier<\/p><\/li><li><p>Ordo\u00f1ez Barberan Beatriz Adaly<\/p><\/li><li><p>Alvarado Correa Laura Elizabeth<\/p><\/li><li><p>Honores Guam\u00e1n Josselyn Marlene<\/p><\/li><li><p>Pe\u00f1afiel Mera Johnny Valentino<\/p><\/li><li><p>Quezada Romero Ver\u00f3nica Yamileth<\/p><\/li><\/ul><\/div>\n\t\t\t\t\t\t\t<\/div>\n\t\t<\/div>\n\t\t\t\t<\/div>\n\t\t\t\t<\/div>\n\t\t\t\t\t\t<\/div>\n\t\t\t\t\t<\/div>\n\t\t<\/div>\n\t\t\t\t\t\t\t\t<\/div>\n\t\t\t\t\t<\/div>\n\t\t<\/section>\n\t\t\t\t\t\t\t\t\t<\/div>\n\t\t\t<\/div>\n\t\t\t\t\t<\/div>\n\t\t","protected":false},"excerpt":{"rendered":"<p>2019 2019 Mayo &#8211; Septiembre 2019 Aguilar Robles Maria Jose Arias Mogrovejo Paul Emanuel Flores Loja Alex Javier Ordo\u00f1ez Barberan Beatriz Adaly Alvarado Correa Laura Elizabeth Honores Guam\u00e1n Josselyn Marlene Pe\u00f1afiel Mera Johnny Valentino Quezada Romero Ver\u00f3nica Yamileth<\/p>\n","protected":false},"author":1,"featured_media":0,"parent":0,"menu_order":0,"comment_status":"closed","ping_status":"closed","template":"","meta":[],"_links":{"self":[{"href":"https:\/\/globalplus.ec\/research\/wp-json\/wp\/v2\/pages\/2307"}],"collection":[{"href":"https:\/\/globalplus.ec\/research\/wp-json\/wp\/v2\/pages"}],"about":[{"href":"https:\/\/globalplus.ec\/research\/wp-json\/wp\/v2\/types\/page"}],"author":[{"embeddable":true,"href":"https:\/\/globalplus.ec\/research\/wp-json\/wp\/v2\/users\/1"}],"replies":[{"embeddable":true,"href":"https:\/\/globalplus.ec\/research\/wp-json\/wp\/v2\/comments?post=2307"}],"version-history":[{"count":9,"href":"https:\/\/globalplus.ec\/research\/wp-json\/wp\/v2\/pages\/2307\/revisions"}],"predecessor-version":[{"id":2339,"href":"https:\/\/globalplus.ec\/research\/wp-json\/wp\/v2\/pages\/2307\/revisions\/2339"}],"wp:attachment":[{"href":"https:\/\/globalplus.ec\/research\/wp-json\/wp\/v2\/media?parent=2307"}],"curies":[{"name":"wp","href":"https:\/\/api.w.org\/{rel}","templated":true}]}}