{"id":233,"date":"2018-08-10T02:13:32","date_gmt":"2018-08-10T02:13:32","guid":{"rendered":"http:\/\/globalplus.ec\/research\/?page_id=233"},"modified":"2020-03-24T15:58:13","modified_gmt":"2020-03-24T15:58:13","slug":"proyectos","status":"publish","type":"page","link":"https:\/\/globalplus.ec\/research\/proyectos\/","title":{"rendered":"Proyectos"},"content":{"rendered":"\t\t<div data-elementor-type=\"wp-post\" data-elementor-id=\"233\" class=\"elementor elementor-233\">\n\t\t\t\t\t\t<div class=\"elementor-inner\">\n\t\t\t\t<div class=\"elementor-section-wrap\">\n\t\t\t\t\t\t\t\t\t<section class=\"elementor-section elementor-top-section elementor-element elementor-element-49c6e6f elementor-section-boxed elementor-section-height-default elementor-section-height-default\" data-id=\"49c6e6f\" data-element_type=\"section\">\n\t\t\t\t\t\t<div class=\"elementor-container elementor-column-gap-default\">\n\t\t\t\t\t\t\t<div class=\"elementor-row\">\n\t\t\t\t\t<div class=\"elementor-column elementor-col-100 elementor-top-column elementor-element elementor-element-5a8ee76\" data-id=\"5a8ee76\" data-element_type=\"column\">\n\t\t\t<div class=\"elementor-column-wrap elementor-element-populated\">\n\t\t\t\t\t\t\t<div class=\"elementor-widget-wrap\">\n\t\t\t\t\t\t<div class=\"elementor-element elementor-element-ede5f1f elementor-tabs-view-horizontal elementor-widget elementor-widget-tabs\" data-id=\"ede5f1f\" data-element_type=\"widget\" data-widget_type=\"tabs.default\">\n\t\t\t\t<div class=\"elementor-widget-container\">\n\t\t\t\t\t<div class=\"elementor-tabs\">\n\t\t\t<div class=\"elementor-tabs-wrapper\" role=\"tablist\" >\n\t\t\t\t\t\t\t\t\t<div id=\"elementor-tab-title-2491\" class=\"elementor-tab-title elementor-tab-desktop-title\" aria-selected=\"true\" data-tab=\"1\" role=\"tab\" tabindex=\"0\" aria-controls=\"elementor-tab-content-2491\" aria-expanded=\"false\"><a href=\"\">2019<\/a><\/div>\n\t\t\t\t\t\t\t\t\t<div id=\"elementor-tab-title-2492\" class=\"elementor-tab-title elementor-tab-desktop-title\" aria-selected=\"false\" data-tab=\"2\" role=\"tab\" tabindex=\"-1\" aria-controls=\"elementor-tab-content-2492\" aria-expanded=\"false\"><a href=\"\">2018<\/a><\/div>\n\t\t\t\t\t\t\t\t\t<div id=\"elementor-tab-title-2493\" class=\"elementor-tab-title elementor-tab-desktop-title\" aria-selected=\"false\" data-tab=\"3\" role=\"tab\" tabindex=\"-1\" aria-controls=\"elementor-tab-content-2493\" aria-expanded=\"false\"><a href=\"\">2017<\/a><\/div>\n\t\t\t\t\t\t\t\t\t<div id=\"elementor-tab-title-2494\" class=\"elementor-tab-title elementor-tab-desktop-title\" aria-selected=\"false\" data-tab=\"4\" role=\"tab\" tabindex=\"-1\" aria-controls=\"elementor-tab-content-2494\" aria-expanded=\"false\"><a href=\"\">2016<\/a><\/div>\n\t\t\t\t\t\t\t\t\t<div id=\"elementor-tab-title-2495\" class=\"elementor-tab-title elementor-tab-desktop-title\" aria-selected=\"false\" data-tab=\"5\" role=\"tab\" tabindex=\"-1\" aria-controls=\"elementor-tab-content-2495\" aria-expanded=\"false\"><a href=\"\">2014<\/a><\/div>\n\t\t\t\t\t\t\t<\/div>\n\t\t\t<div class=\"elementor-tabs-content-wrapper\" role=\"tablist\" aria-orientation=\"vertical\">\n\t\t\t\t\t\t\t\t\t<div class=\"elementor-tab-title elementor-tab-mobile-title\" aria-selected=\"true\" data-tab=\"1\" role=\"tab\" tabindex=\"0\" aria-controls=\"elementor-tab-content-2491\" aria-expanded=\"false\">2019<\/div>\n\t\t\t\t\t<div id=\"elementor-tab-content-2491\" class=\"elementor-tab-content elementor-clearfix\" data-tab=\"1\" role=\"tabpanel\" aria-labelledby=\"elementor-tab-title-2491\" tabindex=\"0\" hidden=\"false\"><ul style=\"list-style-type: circle;\"><li><strong><em><span style=\"color: #0176bc;\">POTENCIAL TUR\u00cdSTICO EN EL \u00c1REA DE CONSERVACI\u00d3N REGIONAL ANGOSTURA- FAICAL Y LA GENERACI\u00d3N DE EMPRENDIMIENTOS TUR\u00cdSTICOS, ORIENTADOS A LOS ECONEGOCIOS<\/span><\/em><\/strong>, proyecto de investigaci\u00f3n en ejecuci\u00f3n, realizado con profesores de la Universidad Nacional de Tumbes, Per\u00fa, desde septiembre de 2019 hasta septiembre del 2020<\/li><\/ul><\/div>\n\t\t\t\t\t\t\t\t\t<div class=\"elementor-tab-title elementor-tab-mobile-title\" aria-selected=\"false\" data-tab=\"2\" role=\"tab\" tabindex=\"-1\" aria-controls=\"elementor-tab-content-2492\" aria-expanded=\"false\">2018<\/div>\n\t\t\t\t\t<div id=\"elementor-tab-content-2492\" class=\"elementor-tab-content elementor-clearfix\" data-tab=\"2\" role=\"tabpanel\" aria-labelledby=\"elementor-tab-title-2492\" tabindex=\"0\" hidden=\"hidden\"><ul style=\"list-style-type: circle;\"><li><span style=\"color: #0176bc;\"><em><strong>El papel del capital humano en la evoluci\u00f3n de la desigualdad y el crecimiento econ\u00f3mico en Am\u00e9rica Latina<\/strong><\/em><\/span>, realizado por el grupo de investigaci\u00f3n Global Plus &#8211; Utmach, desde agosto de 2018 hasta septiembre del 2019.<\/li><\/ul><ul style=\"list-style-type: circle;\"><li><span style=\"color: #0176bc;\"><em><strong>Modelo de reciclaje y reaprovechamiento de las minas de oro abandonadas en la provincia de El Oro a traves de un turismo exploratorio<\/strong><\/em><\/span>, realizado por el grupo de investigaci\u00f3n Global Plus &#8211; Utmach, desde abril del 2018 hasta septiembre del 2019.<\/li><\/ul><ul style=\"list-style-type: circle;\"><li><span style=\"color: #0176bc;\"><em><strong>Productividad y estructura sectorial de la provincia de El Oro<\/strong><\/em><\/span>, realizado por el grupo de investigaci\u00f3n Global Plus &#8211; Utmach, desde enero del 2018 hasta enero del 2018.<\/li><\/ul><ul style=\"list-style-type: circle;\"><li><span style=\"color: #0176bc;\"><em><strong>Mejoramiento de la gesti\u00f3n universitaria en la Universidad T\u00e9cnica de Machala mediante el perfeccionamiento de la direcci\u00f3n estrat\u00e9gica<\/strong><\/em><\/span>, realizado por la Utmach y la Red de Direcci\u00f3n Estrat\u00e9gica de la Educaci\u00f3n Superior (RED \u2013 DEES) &#8211; Cuba, desde octubre del 2018 hasta mayo del 2022.<\/li><\/ul><\/div>\n\t\t\t\t\t\t\t\t\t<div class=\"elementor-tab-title elementor-tab-mobile-title\" aria-selected=\"false\" data-tab=\"3\" role=\"tab\" tabindex=\"-1\" aria-controls=\"elementor-tab-content-2493\" aria-expanded=\"false\">2017<\/div>\n\t\t\t\t\t<div id=\"elementor-tab-content-2493\" class=\"elementor-tab-content elementor-clearfix\" data-tab=\"3\" role=\"tabpanel\" aria-labelledby=\"elementor-tab-title-2493\" tabindex=\"0\" hidden=\"hidden\"><ul style=\"list-style-type: circle;\"><li><span style=\"color: #0176bc;\"><em><strong>Direcci\u00f3n estrat\u00e9gica, autoevaluaci\u00f3n institucional y calidad de la gesti\u00f3n universitaria<\/strong><\/em><\/span>, realizado por el grupo de investigaci\u00f3n Global Plus &#8211; Utmach y la Red de Direcci\u00f3n Estrat\u00e9gica de la Educaci\u00f3n Superior (RED \u2013 DEES) &#8211; Cuba, desde septiembre del 2017 hasta agosto del 2019.<\/li><\/ul><ul style=\"list-style-type: circle;\"><li><span style=\"color: #0176bc;\"><strong><em>Determinantes de la inversi\u00f3n privada en Ecuador<\/em><\/strong><\/span>, realizado por el grupo de investigaci\u00f3n Global Plus &#8211; Utmach, desde septiembre del 2017 hasta septiembre del 2018.<\/li><\/ul><ul style=\"list-style-type: circle;\"><li><span style=\"color: #0176bc;\"><em><strong>Capital humano y actividad exportadora<\/strong><\/em><\/span>, realizado por el grupo de investigaci\u00f3n Global Plus &#8211; Utmach.<\/li><\/ul><\/div>\n\t\t\t\t\t\t\t\t\t<div class=\"elementor-tab-title elementor-tab-mobile-title\" aria-selected=\"false\" data-tab=\"4\" role=\"tab\" tabindex=\"-1\" aria-controls=\"elementor-tab-content-2494\" aria-expanded=\"false\">2016<\/div>\n\t\t\t\t\t<div id=\"elementor-tab-content-2494\" class=\"elementor-tab-content elementor-clearfix\" data-tab=\"4\" role=\"tabpanel\" aria-labelledby=\"elementor-tab-title-2494\" tabindex=\"0\" hidden=\"hidden\"><ul style=\"list-style-type: circle;\"><li><span style=\"color: #0176bc;\"><em><strong>Factores condicionantes del desarrollo emprendedor en la zona 7 del Ecuador<\/strong><\/em><\/span>, realizado con el grupo de investigaci\u00f3n Global Plus &#8211; Utmach, desde mayo del 2016 hasta mayo del 2017.<\/li><\/ul><ul style=\"list-style-type: circle;\"><li><span style=\"color: #0176bc;\"><em><strong>Metodolog\u00eda de alineaci\u00f3n entre el plan estrat\u00e9gico de vinculaci\u00f3n con la sociedad y el modelo de evaluaci\u00f3n institucional para la gesti\u00f3n de indicadores de calidad de la Universidad T\u00e9cnica de Machala<\/strong><\/em><\/span>, realizado por la Utmach y la Red de Direcci\u00f3n Estrat\u00e9gica de la Educaci\u00f3n Superior (RED \u2013 DEES) &#8211; Cuba, desde octubre del 2016 hasta septiembre del 2018.<\/li><\/ul><\/div>\n\t\t\t\t\t\t\t\t\t<div class=\"elementor-tab-title elementor-tab-mobile-title\" aria-selected=\"false\" data-tab=\"5\" role=\"tab\" tabindex=\"-1\" aria-controls=\"elementor-tab-content-2495\" aria-expanded=\"false\">2014<\/div>\n\t\t\t\t\t<div id=\"elementor-tab-content-2495\" class=\"elementor-tab-content elementor-clearfix\" data-tab=\"5\" role=\"tabpanel\" aria-labelledby=\"elementor-tab-title-2495\" tabindex=\"0\" hidden=\"hidden\"><ul style=\"list-style-type: circle;\"><li><span style=\"color: #0176bc;\"><em><strong>Metodolog\u00eda de alineaci\u00f3n entre el plan estrat\u00e9gico de desarrollo institucional y el modelo educativo para la gesti\u00f3n de indicadores de calidad de la Universidad T\u00e9cnica de Machala<\/strong><\/em><\/span>, realizado con el grupo de investigaci\u00f3n Global Plus &#8211; Utmach y la Red de Direcci\u00f3n Estrat\u00e9gica de la Educaci\u00f3n Superior (RED \u2013 DEES) &#8211; Cuba, desde enero del 2014 hasta septiembre del 2016.<\/li><\/ul><\/div>\n\t\t\t\t\t\t\t<\/div>\n\t\t<\/div>\n\t\t\t\t<\/div>\n\t\t\t\t<\/div>\n\t\t\t\t\t\t<\/div>\n\t\t\t\t\t<\/div>\n\t\t<\/div>\n\t\t\t\t\t\t\t\t<\/div>\n\t\t\t\t\t<\/div>\n\t\t<\/section>\n\t\t\t\t\t\t\t\t\t<\/div>\n\t\t\t<\/div>\n\t\t\t\t\t<\/div>\n\t\t","protected":false},"excerpt":{"rendered":"<p>2019 2018 2017 2016 2014 2019 POTENCIAL TUR\u00cdSTICO EN EL \u00c1REA DE CONSERVACI\u00d3N REGIONAL ANGOSTURA- FAICAL Y LA GENERACI\u00d3N DE EMPRENDIMIENTOS TUR\u00cdSTICOS, ORIENTADOS A LOS ECONEGOCIOS, proyecto de investigaci\u00f3n en ejecuci\u00f3n, realizado con profesores de la Universidad Nacional de Tumbes, Per\u00fa, desde septiembre de 2019 hasta septiembre del 2020 2018 El papel del capital humano&#8230;<\/p>\n","protected":false},"author":1,"featured_media":0,"parent":0,"menu_order":0,"comment_status":"closed","ping_status":"closed","template":"","meta":[],"_links":{"self":[{"href":"https:\/\/globalplus.ec\/research\/wp-json\/wp\/v2\/pages\/233"}],"collection":[{"href":"https:\/\/globalplus.ec\/research\/wp-json\/wp\/v2\/pages"}],"about":[{"href":"https:\/\/globalplus.ec\/research\/wp-json\/wp\/v2\/types\/page"}],"author":[{"embeddable":true,"href":"https:\/\/globalplus.ec\/research\/wp-json\/wp\/v2\/users\/1"}],"replies":[{"embeddable":true,"href":"https:\/\/globalplus.ec\/research\/wp-json\/wp\/v2\/comments?post=233"}],"version-history":[{"count":20,"href":"https:\/\/globalplus.ec\/research\/wp-json\/wp\/v2\/pages\/233\/revisions"}],"predecessor-version":[{"id":2597,"href":"https:\/\/globalplus.ec\/research\/wp-json\/wp\/v2\/pages\/233\/revisions\/2597"}],"wp:attachment":[{"href":"https:\/\/globalplus.ec\/research\/wp-json\/wp\/v2\/media?parent=233"}],"curies":[{"name":"wp","href":"https:\/\/api.w.org\/{rel}","templated":true}]}}